{"id":12166,"date":"2025-05-19T14:01:11","date_gmt":"2025-05-19T12:01:11","guid":{"rendered":"https:\/\/dev.youthhostels.lu\/politique-de-confidentialite\/"},"modified":"2025-11-03T14:48:30","modified_gmt":"2025-11-03T13:48:30","slug":"datenschutzerklaerung","status":"publish","type":"page","link":"https:\/\/youthhostels.lu\/de\/datenschutzerklaerung\/","title":{"rendered":"Datenschutzerkl\u00e4rung"},"content":{"rendered":"\n<h2 class=\"wp-block-heading\">Wer sind wir?<\/h2>\n\n\n\n<p>Die Luxemburger Jugendherbergen sind ein gemeinn\u00fctziger Verein (a.s.b.l.) und Mitglied des internationalen Jugendherbergsverbands \u201eHostelling International\u201c, dem mehr als 2.600 Jugendherbergen in 57 L\u00e4ndern weltweit angeh\u00f6ren.<\/p>\n\n\n\n<p>Unsere Datenschutzerkl\u00e4rung gilt f\u00fcr Besucher unserer Website <strong>youthhostels.lu.<\/strong><\/p>\n\n\n\n<h2 class=\"wp-block-heading\">Rechtliche Grundlagen<\/h2>\n\n\n\n<p>Wir erheben personenbezogene Daten auf folgenden Grundlagen:<\/p>\n\n\n\n<ul style=\"--marker-color:#F3941E;\" class=\"wp-block-list\">\n<li>zu kommerziellen Zwecken, wenn wir deine Einwilligung erhalten haben;<\/li>\n\n\n\n<li>um unser Angebot anzupassen und zu verbessern;<\/li>\n\n\n\n<li>um gesetzlichen Verpflichtungen nachzukommen;<\/li>\n\n\n\n<li>zu unserem berechtigten Interesse;<\/li>\n\n\n\n<li>um unsere Interessen im Rahmen von Gerichtsverfahren zu verteidigen.<\/li>\n<\/ul>\n\n\n\n<h2 class=\"wp-block-heading\">Erhebung deiner personenbezogenen Daten<\/h2>\n\n\n\n<p>Wir erfassen personenbezogene Daten, die du uns freiwillig mitteilst, beispielsweise wenn du unseren Newsletter abonnierst, Kontaktformulare ausf\u00fcllst oder uns eine E-Mail sendest.<\/p>\n\n\n\n<p>Wir erfassen auch Daten aus deiner Nutzung unserer Website und ihrer Dienste, wenn du Webseiten besuchst und Formulare ausf\u00fcllst.<\/p>\n\n\n\n<h2 class=\"wp-block-heading\">Verantwortlicher f\u00fcr die Datenverarbeitung<\/h2>\n\n\n\n<p>Der f\u00fcr die Datenverarbeitung zust\u00e4ndige Verantwortliche bezeichnet die Stelle, die f\u00fcr die Art und Weise haftet, wie personenbezogene Daten verarbeitet, \u00fcbermittelt und gespeichert werden.<\/p>\n\n\n\n<p>Der Herausgeber der Website ist ebenfalls f\u00fcr die Datenverarbeitung verantwortlich.<\/p>\n\n\n\n<p>Les Auberges de Jeunesse Luxembourgeoise asbl.<br>2, rue du Fort Olisy<br>L-2261 Luxembourg<br><br>Handelsregister-Nr.: F659<br>Umsatzsteuer-Identifikationsnummer: LU11820109<\/p>\n\n\n\n<p>Der f\u00fcr die Datenverarbeitung Verantwortliche ist telefonisch unter (+352) 26 27 66 200 oder per E-Mail unter folgender Adresse erreichbar:&nbsp;<a href=\"mailto:info@youthhostels.lu\"><strong>info@youthhostels.lu.<\/strong><\/a><\/p>\n\n\n\n<h2 class=\"wp-block-heading\">Von anderen Websites eingebettete Inhalte<\/h2>\n\n\n\n<p>Die Artikel auf dieser Website k\u00f6nnen eingebettete Inhalte (z. B. Videos, Bilder oder Artikel) enthalten. Von anderen Websites eingebettete Inhalte verhalten sich so, als stammten sie von diesen Websites.<\/p>\n\n\n\n<p>Diese Websites k\u00f6nnen Daten \u00fcber dich sammeln, Cookies verwenden, Tracking-Tools von Drittanbietern integrieren und deine Interaktionen mit diesen eingebetteten Inhalten verfolgen, wenn du \u00fcber ein Konto auf ihrer Website verf\u00fcgst.<\/p>\n\n\n\n<h2 class=\"wp-block-heading\">Verwendung und Weitergabe deiner personenbezogenen Daten<\/h2>\n\n\n\n<p>Wenn du eine Zur\u00fccksetzung deines Passworts beantragst, wird deine IP-Adresse in der E-Mail zur Zur\u00fccksetzung angegeben.<\/p>\n\n\n\n<p>Wir verwenden verschiedene Arten von Cookies. Ein Cookie ist eine kleine Textdatei, die auf deinem Endger\u00e4t (Computer, Mobiltelefon, Tablet) gespeichert wird, wenn du eine Website besuchst. Es erm\u00f6glicht die Identifizierung des Endger\u00e4ts bei jedem Besuch der Website w\u00e4hrend der G\u00fcltigkeitsdauer des Cookies.<\/p>\n\n\n\n<h2 class=\"wp-block-heading\">Speicherdauer deiner Daten<\/h2>\n\n\n\n<p>Wir speichern personenbezogene Daten nicht l\u00e4nger, als es zur Erreichung der spezifischen Zwecke, f\u00fcr die sie erhoben wurden, erforderlich ist.<\/p>\n\n\n\n<p>Die Dauer der Speicherung personenbezogener Daten ist f\u00fcr jede Art von Daten angemessen. Diese Zeitr\u00e4ume k\u00f6nnen je nach Zweck der Datenerhebung variieren.<\/p>\n\n\n\n<ul style=\"--marker-color:#F3941E;\" class=\"wp-block-list\">\n<li>Gesetzliche und vertragliche Aufbewahrungspflichten.<\/li>\n\n\n\n<li>Verj\u00e4hrungsfristen, innerhalb derer betroffene Personen ihre Rechte vor Gericht gegen unseren Verein geltend machen k\u00f6nnen.<\/li>\n\n\n\n<li>Bew\u00e4hrte Praktiken.<\/li>\n\n\n\n<li>Gesch\u00e4ftliche Ziele unseres Vereins.<\/li>\n<\/ul>\n\n\n\n<p>Personenbezogene Daten werden maximal 10 Jahre lang gespeichert.<\/p>\n\n\n\n<h2 class=\"wp-block-heading\">erfasste Daten<\/h2>\n\n\n\n<p>Wenn du auf unserer Website surfst, k\u00f6nnen wir bestimmte technische Daten verarbeiten.<\/p>\n\n\n\n<ul style=\"--marker-color:#F3941E;\" class=\"wp-block-list\">\n<li>Browser-Typ und -Version sowie Bildschirmaufl\u00f6sung.<\/li>\n\n\n\n<li>Betriebssystem und Ger\u00e4tetyp (Computer, Mobiltelefon, Tablet).<\/li>\n\n\n\n<li>Sitzungsstatistiken.<\/li>\n\n\n\n<li>Navigationsfluss und Klicks.<\/li>\n\n\n\n<li>IP-Adresse.<\/li>\n<\/ul>\n\n\n\n<p>Diese Daten werden anonym gespeichert und erm\u00f6glichen keine Identifizierung deiner Person.<\/p>\n\n\n\n<p>Wenn du unseren Newsletter abonnierst, speichern wir deine E-Mail-Adresse und deine IP-Adresse.<\/p>\n\n\n\n<h2 class=\"wp-block-heading\">Schutz deiner pers\u00f6nlichen Daten<\/h2>\n\n\n\n<p>Wir setzen verschiedene technische und organisatorische Ma\u00dfnahmen ein, um deine personenbezogenen Daten vor der Weitergabe an Unbefugte zu sch\u00fctzen.<\/p>\n\n\n\n<p><\/p>\n\n\n\n<h2 class=\"wp-block-heading\">Deine Rechte<\/h2>\n\n\n\n<p>Gem\u00e4\u00df der Verordnung (EU) 2016\/679 zum Schutz nat\u00fcrlicher Personen bei der Verarbeitung personenbezogener Daten und zum freien Datenverkehr hast du das Recht auf Zugang, Berichtigung und gegebenenfalls L\u00f6schung der dich betreffenden Daten. Du hast au\u00dferdem das Recht, deine Einwilligung jederzeit zu widerrufen und der Verarbeitung deiner Daten aus legitimen Gr\u00fcnden zu widersprechen.<\/p>\n\n\n\n<p>Bitte beachte, dass einige dieser Rechte eingeschr\u00e4nkt sein k\u00f6nnen, wenn wir ein berechtigtes Interesse oder eine gesetzliche Verpflichtung zur weiteren Verarbeitung der Daten haben.<\/p>\n\n\n\n<p>Wenn du diese Rechte aus\u00fcben m\u00f6chtest, wende dich bitte an den f\u00fcr die Datenverarbeitung Verantwortlichen unter den oben auf dieser Seite angegebenen Kontaktdaten.<\/p>\n\n\n\n<p>Du hast auch die M\u00f6glichkeit, eine Beschwerde bei der<\/p>\n\n\n\n<p><a href=\"https:\/\/cnpd.public.lu\/\" target=\"_blank\" rel=\"noreferrer noopener\"><strong>Commission nationale pour la protection des donn\u00e9es<\/strong><\/a><br>1, avenue du Rock\u2019n\u2019Roll<br>L-4361 Esch-sur-Alzette<\/p>\n\n\n\n<h2 class=\"wp-block-heading\">Cookiebot<\/h2>\n\n\n\n<p>Diese Website verwendet Cookies. Diese Dateien erm\u00f6glichen es uns, Inhalte und Anzeigen zu personalisieren, Funktionen f\u00fcr soziale Netzwerke anzubieten und den Datenverkehr zu analysieren. Wir geben Informationen \u00fcber die Nutzung unserer Website auch an unsere Partner in den Bereichen soziale Medien, Werbung und Analyse weiter, die diese mit anderen Informationen kombinieren k\u00f6nnen, die du ihnen zur Verf\u00fcgung gestellt hast oder die sie w\u00e4hrend deiner Nutzung ihrer Dienste gesammelt haben.<\/p>\n\n\n\n<p>Cookies sind kleine Textdateien, die von Websites verwendet werden, um die Benutzererfahrung effizienter zu gestalten.<\/p>\n\n\n\n<p>Das Gesetz schreibt vor, dass wir Cookies nur dann auf deinem Ger\u00e4t speichern d\u00fcrfen, wenn sie f\u00fcr den Betrieb dieser Website unbedingt erforderlich sind. F\u00fcr alle anderen Arten von Cookies ben\u00f6tigen wir deine Zustimmung.<\/p>\n\n\n\n<p>Diese Website verwendet verschiedene Arten von Cookies. Einige Cookies werden von Drittanbietern auf unseren Seiten platziert.<\/p>\n\n\n\n<p>Du kannst deine Zustimmung jederzeit \u00e4ndern oder widerrufen, indem du die Cookie-Erkl\u00e4rung auf unserer Website aufrufst: youthhostels.lu<\/p>\n","protected":false},"excerpt":{"rendered":"<div class=\"excerpt-text\">\n<p>Wer sind wir? Die Luxemburger Jugendherbergen sind ein gemeinn\u00fctziger Verein (a.s.b.l.) und Mitglied des internationalen Jugendherbergsverbands \u201eHostelling International\u201c, dem mehr als 2.600 Jugendherbergen in 57 L\u00e4ndern weltweit angeh\u00f6ren. Unsere Datenschutzerkl\u00e4rung gilt f\u00fcr Besucher unserer Website youthhostels.lu. Rechtliche Grundlagen Wir erheben personenbezogene Daten auf folgenden Grundlagen: Erhebung deiner personenbezogenen Daten Wir erfassen personenbezogene Daten, die du [&hellip;]<\/p>\n<\/div>\n","protected":false},"author":1,"featured_media":0,"parent":0,"menu_order":20,"comment_status":"closed","ping_status":"open","template":"page-legal","meta":{"inline_featured_image":false,"footnotes":""},"class_list":["post-12166","page","type-page","status-publish","hentry"],"_links":{"self":[{"href":"https:\/\/youthhostels.lu\/de\/wp-json\/wp\/v2\/pages\/12166","targetHints":{"allow":["GET"]}}],"collection":[{"href":"https:\/\/youthhostels.lu\/de\/wp-json\/wp\/v2\/pages"}],"about":[{"href":"https:\/\/youthhostels.lu\/de\/wp-json\/wp\/v2\/types\/page"}],"author":[{"embeddable":true,"href":"https:\/\/youthhostels.lu\/de\/wp-json\/wp\/v2\/users\/1"}],"replies":[{"embeddable":true,"href":"https:\/\/youthhostels.lu\/de\/wp-json\/wp\/v2\/comments?post=12166"}],"version-history":[{"count":4,"href":"https:\/\/youthhostels.lu\/de\/wp-json\/wp\/v2\/pages\/12166\/revisions"}],"predecessor-version":[{"id":13908,"href":"https:\/\/youthhostels.lu\/de\/wp-json\/wp\/v2\/pages\/12166\/revisions\/13908"}],"wp:attachment":[{"href":"https:\/\/youthhostels.lu\/de\/wp-json\/wp\/v2\/media?parent=12166"}],"curies":[{"name":"wp","href":"https:\/\/api.w.org\/{rel}","templated":true}]}}