{"id":14457,"date":"2025-11-13T15:17:53","date_gmt":"2025-11-13T14:17:53","guid":{"rendered":"https:\/\/dev.youthhostels.lu\/newsletter\/"},"modified":"2026-02-05T12:53:15","modified_gmt":"2026-02-05T11:53:15","slug":"newsletter","status":"publish","type":"page","link":"https:\/\/youthhostels.lu\/de\/newsletter\/","title":{"rendered":"Newsletter"},"content":{"rendered":"\n<div class=\"wp-block-columns is-layout-flex wp-container-core-columns-is-layout-28f84493 wp-block-columns-is-layout-flex\">\n<div class=\"wp-block-column is-layout-flow wp-container-core-column-is-layout-1687fb2a wp-block-column-is-layout-flow\" style=\"flex-basis:66.666666%\">\n<h1 class=\"wp-block-heading\">Die <mark style=\"background-color:rgba(0, 0, 0, 0)\" class=\"has-inline-color has-primary-color\"><mark class=\"yh-highlight has-shape-circle-bottom\">newsletter<\/mark><\/mark> der Jugendherbergen in Luxemburg<\/h1>\n\n\n\n<p class=\"has-medium-font-size\"><strong>Bleibe auf dem Laufenden und erhalte regelm\u00e4\u00dfig Neuigkeiten zu unserem Netzwerk, den Wochenmen\u00fcs unserer Jugendherbergen sowie unseren Bildungs- und Betreuungseinrichtungen.<\/strong><\/p>\n\n\n\n<div class=\"wp-block-group has-global-padding is-layout-constrained wp-block-group-is-layout-constrained\">\n<p class=\"has-small-font-size\">Wir versenden keine Spam-E-Mails. Du hast jederzeit die M\u00f6glichkeit, dich von diesem Newsletter abzumelden. Dies ist in jedem Newsletter mit einem Klick m\u00f6glich. Den entsprechenden Link findest du immer in der Fu\u00dfzeile.<\/p>\n\n\n\n<p class=\"has-small-font-size\">Deine E-Mail-Adresse wird an einen externen Dienstleister weitergeleitet, der ausschlie\u00dflich den Newsletter versendet. Weitere Informationen \u00fcber den Subunternehmer findest du in unseren Datenschutzbestimmungen. Deine Daten werden gem\u00e4\u00df den aktuellen Datenschutzbestimmungen verarbeitet und keinesfalls an externe Parteien weitergeleitet, mit Ausnahme des vorgenannten Dienstleisters.<\/p>\n<\/div>\n<\/div>\n<\/div>\n\n\n\n<div class=\"wp-block-group alignfull has-primary-light-background-color has-background has-global-padding is-layout-constrained wp-block-group-is-layout-constrained\">\n<h2 class=\"wp-block-heading has-primary-color has-text-color has-link-color wp-elements-e8866cb71d27f64f7362493082783c59\">Anmeldung<\/h2>\n\n\n\n<!-- Begin Brevo Form -->\n<!-- START - We recommend to place the below code in head tag of your website html  -->\n<style>\n  #sib-container input:-ms-input-placeholder {\n    text-align: left;\n    font-family: Oswald, webFonts;\n    color: #c0ccda;\n  }\n\n  #sib-container input::placeholder {\n    text-align: left;\n    font-family: Oswald, webFonts;\n    color: #c0ccda;\n  }\n\n  #sib-container textarea::placeholder {\n    text-align: left;\n    font-family: Oswald, webFonts;\n    color: #c0ccda;\n  }\n\n  #sib-container a {\n    text-decoration: underline;\n    color: #7996d0;\n  }\n\n  .sib-form{\n    text-align:left !important;\n  }\n\n  .sib-form .entry__field{\n    border:0px !important;\n    background-color:transparent !important;\n  }\n<\/style>\n<link rel=\"stylesheet\" href=\"https:\/\/sibforms.com\/forms\/end-form\/build\/sib-styles.css\">\n<!--  END - We recommend to place the above code in head tag of your website html -->\n\n<!-- START - We recommend to place the below code where you want the form in your website html  -->\n<div class=\"sib-form\" style=\"text-align: center;\n         background-color: transparent;                                 \">\n  <div id=\"sib-form-container\" class=\"sib-form-container\" style=\"background-color:transparent !important;\">\n    <div id=\"error-message\" class=\"sib-form-message-panel\" style=\"font-size:16px; text-align:left; color:#661d1d; background-color:#ffeded; border-radius:3px; border-color:#ff4949;max-width:800px;\">\n      <div class=\"sib-form-message-panel__text sib-form-message-panel__text--center\">\n        <svg viewBox=\"0 0 512 512\" class=\"sib-icon sib-notification__icon\">\n          <path d=\"M256 40c118.621 0 216 96.075 216 216 0 119.291-96.61 216-216 216-119.244 0-216-96.562-216-216 0-119.203 96.602-216 216-216m0-32C119.043 8 8 119.083 8 256c0 136.997 111.043 248 248 248s248-111.003 248-248C504 119.083 392.957 8 256 8zm-11.49 120h22.979c6.823 0 12.274 5.682 11.99 12.5l-7 168c-.268 6.428-5.556 11.5-11.99 11.5h-8.979c-6.433 0-11.722-5.073-11.99-11.5l-7-168c-.283-6.818 5.167-12.5 11.99-12.5zM256 340c-15.464 0-28 12.536-28 28s12.536 28 28 28 28-12.536 28-28-12.536-28-28-28z\" \/>\n        <\/svg>\n        <span class=\"sib-form-message-panel__inner-text\">\n                          Deine Anmeldung konnte nicht gespeichert werden. Bitte versuche es erneut.\n                      <\/span>\n      <\/div>\n    <\/div>\n    <div><\/div>\n    <div id=\"success-message\" class=\"sib-form-message-panel\" style=\"font-size:16px; text-align:left; color:#085229; background-color:#e7faf0; border-radius:3px; border-color:#13ce66;max-width:800px;\">\n      <div class=\"sib-form-message-panel__text sib-form-message-panel__text--center\">\n        <svg viewBox=\"0 0 512 512\" class=\"sib-icon sib-notification__icon\">\n          <path d=\"M256 8C119.033 8 8 119.033 8 256s111.033 248 248 248 248-111.033 248-248S392.967 8 256 8zm0 464c-118.664 0-216-96.055-216-216 0-118.663 96.055-216 216-216 118.664 0 216 96.055 216 216 0 118.663-96.055 216-216 216zm141.63-274.961L217.15 376.071c-4.705 4.667-12.303 4.637-16.97-.068l-85.878-86.572c-4.667-4.705-4.637-12.303.068-16.97l8.52-8.451c4.705-4.667 12.303-4.637 16.97.068l68.976 69.533 163.441-162.13c4.705-4.667 12.303-4.637 16.97.068l8.451 8.52c4.668 4.705 4.637 12.303-.068 16.97z\" \/>\n        <\/svg>\n        <span class=\"sib-form-message-panel__inner-text\">\n                          Deine Anmeldung wurde erfolgreich abgeschlossen.\n                      <\/span>\n      <\/div>\n    <\/div>\n    <div><\/div>\n    <div id=\"sib-container\" class=\"sib-container--large sib-container--vertical\" style=\"text-align:center; background-color:rgba(255,255,255,1); max-width:800px; border-radius:16px; border-width:1px; border-color:transparent; border-style:solid; direction:ltr\">\n      <form id=\"sib-form\" method=\"POST\" action=\"https:\/\/cbfeb29e.sibforms.com\/serve\/MUIFAHcXt-YktcgaTb9poi8z6cK2Rbfuhg_q6OSqgaJnnFCbfefAA8cvB3e82yM11HH6m3_zS71IjxWEM1dKXexdwi7qrYSfgte9qO7x5UpHaGIk8SMhiwvhlfvvw9fneSfBBycG9g5Hbq3YJZN7dp-gqsUzroG0u1BD1_eZucu7NKz9cFenfKsXbvDbih02koQx53NQ3lVC2--6\" data-type=\"subscription\">\n        <div style=\"padding: 8px 0;\">\n          <div class=\"sib-input sib-form-block\">\n            <div class=\"form__entry entry_block\">\n              <div class=\"form__label-row \">\n                <label class=\"entry__label\" style=\"font-weight: 700; text-align:left; font-size:16px; text-align:left; font-weight:700; color:#3c4858;\" for=\"EMAIL\" data-required=\"*\">Bitte gib deine E-Mail-Adresse ein, um dich anzumelden<\/label>\n\n                <div class=\"entry__field\">\n                  <input class=\"input \" type=\"text\" id=\"EMAIL\" name=\"EMAIL\" autocomplete=\"off\" data-required=\"true\" required \/>\n                <\/div>\n              <\/div>\n\n              <label class=\"entry__error entry__error--primary\" style=\"font-size:16px; text-align:left; color:#661d1d; background-color:#ffeded; border-radius:3px; border-color:#ff4949;\">\n              <\/label>\n              <label class=\"entry__specification\" style=\"font-size:12px; text-align:left; color:#8390A4; text-align:left\">\n                Bitte gib deine E-Mail-Adresse ein, um dich anzumelden. Z.B.: abc@xyz.com\n              <\/label>\n            <\/div>\n          <\/div>\n        <\/div>\n        <div style=\"padding: 8px 0;\">\n          <div class=\"sib-input sib-form-block\">\n            <div class=\"form__entry entry_block\">\n              <div class=\"form__label-row \">\n                <label class=\"entry__label\" style=\"font-weight: 700; text-align:left; font-size:16px; text-align:left; font-weight:700; color:#3c4858;\" for=\"FIRSTNAME\" data-required=\"*\">Vorname<\/label>\n\n                <div class=\"entry__field\">\n                  <input class=\"input \" maxlength=\"200\" type=\"text\" id=\"FIRSTNAME\" name=\"FIRSTNAME\" autocomplete=\"off\" data-required=\"true\" required \/>\n                <\/div>\n              <\/div>\n\n              <label class=\"entry__error entry__error--primary\" style=\"font-size:16px; text-align:left; color:#661d1d; background-color:#ffeded; border-radius:3px; border-color:#ff4949;\">\n              <\/label>\n            <\/div>\n          <\/div>\n        <\/div>\n        <div style=\"padding: 8px 0;\">\n          <div class=\"sib-input sib-form-block\">\n            <div class=\"form__entry entry_block\">\n              <div class=\"form__label-row \">\n                <label class=\"entry__label\" style=\"font-weight: 700; text-align:left; font-size:16px; text-align:left; font-weight:700; color:#3c4858;\" for=\"LASTNAME\" data-required=\"*\">Nachname<\/label>\n\n                <div class=\"entry__field\">\n                  <input class=\"input \" maxlength=\"200\" type=\"text\" id=\"LASTNAME\" name=\"LASTNAME\" autocomplete=\"off\" data-required=\"true\" required \/>\n                <\/div>\n              <\/div>\n\n              <label class=\"entry__error entry__error--primary\" style=\"font-size:16px; text-align:left; color:#661d1d; background-color:#ffeded; border-radius:3px; border-color:#ff4949;\">\n              <\/label>\n            <\/div>\n          <\/div>\n        <\/div>\n        <div style=\"padding: 8px 0;\">\n          <div class=\"sib-form-block\" style=\"font-size:32px; text-align:left; font-weight:700; color:#4a4a49; background-color:transparent; text-align:left\">\n            <p>Newsletter<\/p>\n          <\/div>\n        <\/div>\n        <div style=\"padding: 8px 0;\">\n          <div class=\"sib-checkbox-group sib-form-block\">\n            <div class=\"form__entry entry_mcq\">\n              <div class=\"form__label-row \">\n                <label class=\"entry__label\" style=\"font-weight: 700; text-align:left; font-size:16px; text-align:left; font-weight:700; color:#3c4858;\">Thematischer Newsletter<\/label>\n                <div style=\"\">\n                  <div class=\"entry__choice\">\n                    <label class=\"checkbox__label\">\n                      <input type=\"checkbox\" class=\"input_replaced\" name=\"lists_32[]\" data-value=\"De Kompass News (Aktivit\u00e4ten und Informationen \u00fcber das Jugendherbergs-Netz in deutscher Sprache\" value=\"17\" \/>\n                      <span class=\"checkbox checkbox_tick_positive\"\n                style=\"margin-left:\"\n                ><\/span><span style=\"font-size:16px; text-align:left; color:#3C4858; background-color:transparent;\">De Kompass News \u2013 Aktivit\u00e4ten rund um das Herbergsnetzwerk<\/span> <img decoding=\"async\" src=\"https:\/\/youthhostels.lu\/wp-content\/themes\/youthhostels\/assets\/flags\/flag-de.svg\" alt=\"Versendet auf Deutsch\" style=\"width:16px; height:auto;\"> <\/label>\n                  <\/div>\n                  <div class=\"entry__choice\">\n                    <label class=\"checkbox__label\">\n                      <input type=\"checkbox\" class=\"input_replaced\" name=\"lists_32[]\" data-value=\"General information in English\" value=\"18\" \/>\n                      <span class=\"checkbox checkbox_tick_positive\"\n                style=\"margin-left:\"\n                ><\/span><span style=\"font-size:16px; text-align:left; color:#3C4858; background-color:transparent;\">Allgemeine Informationen zu Jugendherbergen und Tourismus<\/span> <img decoding=\"async\" src=\"https:\/\/youthhostels.lu\/wp-content\/themes\/youthhostels\/assets\/flags\/flag-en.svg\" alt=\"Versendet auf English\" style=\"width:16px; height:auto;\"> <\/label>\n                  <\/div>\n                  <div class=\"entry__choice\">\n                    <label class=\"checkbox__label\">\n                      <input type=\"checkbox\" class=\"input_replaced\" name=\"lists_32[]\" data-value=\"Gruppenaktivit\u00e4ten in deutscher Sprache\" value=\"19\" \/>\n                      <span class=\"checkbox checkbox_tick_positive\"\n                style=\"margin-left:\"\n                ><\/span><span style=\"font-size:16px; text-align:left; color:#3C4858; background-color:transparent;\">Gruppenaktivit\u00e4ten<\/span> <img decoding=\"async\" src=\"https:\/\/youthhostels.lu\/wp-content\/themes\/youthhostels\/assets\/flags\/flag-de.svg\" alt=\"Versendet auf Deutsch\" style=\"width:16px; height:auto;\"> <\/label>\n                  <\/div>\n                <\/div>\n              <\/div>\n              <label class=\"entry__error entry__error--primary\" style=\"font-size:16px; text-align:left; color:#661d1d; background-color:#ffeded; border-radius:3px; border-color:#ff4949;\">\n              <\/label>\n            <\/div>\n          <\/div>\n        <\/div>\n        <div style=\"padding: 8px 0;\">\n          <div class=\"sib-checkbox-group sib-form-block\">\n            <div class=\"form__entry entry_mcq\">\n              <div class=\"form__label-row \">\n                <label class=\"entry__label\" style=\"font-weight: 700; text-align:left; font-size:16px; text-align:left; font-weight:700; color:#3c4858; display:flex; align-items: center; gap:0.5rem;\">Wochenmen\u00fc <img decoding=\"async\" src=\"https:\/\/youthhostels.lu\/wp-content\/themes\/youthhostels\/assets\/flags\/flag-fr.svg\" alt=\"Versendet auf Franz\u00f6sisch\" style=\"width:16px; height:auto;\"><\/label>\n                <div style=\"\">\n                  <div class=\"entry__choice\">\n                    <label class=\"checkbox__label\">\n                      <input type=\"checkbox\" class=\"input_replaced\" name=\"lists_27[]\" data-value=\"Menu de la semaine Beaufort\" value=\"10\" \/>\n                      <span class=\"checkbox checkbox_tick_positive\"\n                style=\"margin-left:\"\n                ><\/span><span style=\"font-size:16px; text-align:left; color:#3C4858; background-color:transparent;\">Wochenmen\u00fc Beaufort<\/span> <\/label>\n                  <\/div>\n                  <div class=\"entry__choice\">\n                    <label class=\"checkbox__label\">\n                      <input type=\"checkbox\" class=\"input_replaced\" name=\"lists_27[]\" data-value=\"Menu de la semaine Echternach\" value=\"11\" \/>\n                      <span class=\"checkbox checkbox_tick_positive\"\n                style=\"margin-left:\"\n                ><\/span><span style=\"font-size:16px; text-align:left; color:#3C4858; background-color:transparent;\">Wochenmen\u00fc Echternach<\/span> <\/label>\n                  <\/div>\n                  <div class=\"entry__choice\">\n                    <label class=\"checkbox__label\">\n                      <input type=\"checkbox\" class=\"input_replaced\" name=\"lists_27[]\" data-value=\"Menu de la semaine Esch-sur-Alzette\" value=\"12\" \/>\n                      <span class=\"checkbox checkbox_tick_positive\"\n                style=\"margin-left:\"\n                ><\/span><span style=\"font-size:16px; text-align:left; color:#3C4858; background-color:transparent;\">Wochenmen\u00fc Esch-sur-Alzette<\/span> <\/label>\n                  <\/div>\n                  <div class=\"entry__choice\">\n                    <label class=\"checkbox__label\">\n                      <input type=\"checkbox\" class=\"input_replaced\" name=\"lists_27[]\" data-value=\"Menu de la semaine Larochette\" value=\"13\" \/>\n                      <span class=\"checkbox checkbox_tick_positive\"\n                style=\"margin-left:\"\n                ><\/span><span style=\"font-size:16px; text-align:left; color:#3C4858; background-color:transparent;\">Wochenmen\u00fc Larochette<\/span> <\/label>\n                  <\/div>\n                  <div class=\"entry__choice\">\n                    <label class=\"checkbox__label\">\n                      <input type=\"checkbox\" class=\"input_replaced\" name=\"lists_27[]\" data-value=\"Menu de la semaine Lultzhausen\" value=\"14\" \/>\n                      <span class=\"checkbox checkbox_tick_positive\"\n                style=\"margin-left:\"\n                ><\/span><span style=\"font-size:16px; text-align:left; color:#3C4858; background-color:transparent;\">Wochenmen\u00fc Lultzhausen<\/span> <\/label>\n                  <\/div>\n                  <div class=\"entry__choice\">\n                    <label class=\"checkbox__label\">\n                      <input type=\"checkbox\" class=\"input_replaced\" name=\"lists_27[]\" data-value=\"Menu de la semaine Luxembourg-ville\" value=\"9\" \/>\n                      <span class=\"checkbox checkbox_tick_positive\"\n                style=\"margin-left:\"\n                ><\/span><span style=\"font-size:16px; text-align:left; color:#3C4858; background-color:transparent;\">Wochenmen\u00fc Luxembourg-ville<\/span> <\/label>\n                  <\/div>\n                  <div class=\"entry__choice\">\n                    <label class=\"checkbox__label\">\n                      <input type=\"checkbox\" class=\"input_replaced\" name=\"lists_27[]\" data-value=\"Menu de la semaine Remerschen\" value=\"15\" \/>\n                      <span class=\"checkbox checkbox_tick_positive\"\n                style=\"margin-left:\"\n                ><\/span><span style=\"font-size:16px; text-align:left; color:#3C4858; background-color:transparent;\">Wochenmen\u00fc Remerschen<\/span> <\/label>\n                  <\/div>\n                  <div class=\"entry__choice\">\n                    <label class=\"checkbox__label\">\n                      <input type=\"checkbox\" class=\"input_replaced\" name=\"lists_27[]\" data-value=\"Menu de la semaine Vianden\" value=\"16\" \/>\n                      <span class=\"checkbox checkbox_tick_positive\"\n                style=\"margin-left:\"\n                ><\/span><span style=\"font-size:16px; text-align:left; color:#3C4858; background-color:transparent;\">Wochenmen\u00fc Vianden<\/span> <\/label>\n                  <\/div>\n                <\/div>\n              <\/div>\n              <label class=\"entry__error entry__error--primary\" style=\"font-size:16px; text-align:left; color:#661d1d; background-color:#ffeded; border-radius:3px; border-color:#ff4949;\">\n              <\/label>\n            <\/div>\n          <\/div>\n        <\/div>\n        <div style=\"padding: 8px 0;\">\n          <div class=\"sib-optin sib-form-block\" data-required=\"true\">\n            <div class=\"form__entry entry_mcq\">\n              <div class=\"form__label-row \">\n                <div class=\"entry__choice\" style=\"\">\n                  <label>\n                    <input type=\"checkbox\" class=\"input_replaced\" value=\"1\" id=\"OPT_IN\" name=\"OPT_IN\" required \/>\n                    <span class=\"checkbox checkbox_tick_positive\"\n            style=\"margin-left:\"\n            ><\/span><span style=\"font-size:14px; text-align:left; color:#3C4858; background-color:transparent;\"><p>Ich stimme dem Erhalt deiner E-Mails zu und best\u00e4tige, dass ich deine Datenschutzerkl\u00e4rung und rechtlichen Hinweise gelesen habe.<\/p><span data-required=\"*\" style=\"display: inline;\" class=\"entry__label entry__label_optin\"><\/span><\/span> <\/label>\n                <\/div>\n              <\/div>\n              <label class=\"entry__error entry__error--primary\" style=\"font-size:16px; text-align:left; color:#661d1d; background-color:#ffeded; border-radius:3px; border-color:#ff4949;\">\n              <\/label>\n              <label class=\"entry__specification\" style=\"font-size:12px; text-align:left; color:#8390A4; text-align:left\">\n                Du kannst dich jederzeit abmelden, indem du auf den Link in unseren E-Mails klickst.\n              <\/label>\n            <\/div>\n          <\/div>\n        <\/div>\n        <div style=\"padding: 8px 0;\">\n          <div class=\"sib-form-block\" style=\"text-align: left\">\n            <button class=\"sib-form-block__button sib-form-block__button-with-loader\" style=\"font-size:16px; text-align:left; font-weight:700; color:#FFFFFF; background-color:#7996d0; border-radius:16px; border-width:0px;\" form=\"sib-form\" type=\"submit\">\n              <svg class=\"icon clickable__icon progress-indicator__icon sib-hide-loader-icon\" viewBox=\"0 0 512 512\" style=\"\">\n                <path d=\"M460.116 373.846l-20.823-12.022c-5.541-3.199-7.54-10.159-4.663-15.874 30.137-59.886 28.343-131.652-5.386-189.946-33.641-58.394-94.896-95.833-161.827-99.676C261.028 55.961 256 50.751 256 44.352V20.309c0-6.904 5.808-12.337 12.703-11.982 83.556 4.306 160.163 50.864 202.11 123.677 42.063 72.696 44.079 162.316 6.031 236.832-3.14 6.148-10.75 8.461-16.728 5.01z\" \/>\n              <\/svg>\n              ABONNIEREN\n            <\/button>\n          <\/div>\n        <\/div>\n\n        <input type=\"text\" name=\"email_address_check\" value=\"\" class=\"input--hidden\">\n        <input type=\"hidden\" name=\"locale\" value=\"de\">\n      <\/form>\n    <\/div>\n  <\/div>\n<\/div>\n<!-- END - We recommend to place the above code where you want the form in your website html  -->\n\n<!-- START - We recommend to place the below code in footer or bottom of your website html  -->\n<script>\n  window.REQUIRED_CODE_ERROR_MESSAGE = 'Bitte w\u00e4hle einen L\u00e4ndercode';\n  window.LOCALE = 'de';\n  window.EMAIL_INVALID_MESSAGE = window.SMS_INVALID_MESSAGE = \"Die bereitgestellten Informationen sind ung\u00fcltig. Bitte \u00fcberpr\u00fcfe das Format des Feldes und versuche es erneut.\";\n\n  window.REQUIRED_ERROR_MESSAGE = \"Dieses Feld darf nicht leer bleiben. \";\n\n  window.GENERIC_INVALID_MESSAGE = \"Die bereitgestellten Informationen sind ung\u00fcltig. Bitte \u00fcberpr\u00fcfe das Format des Feldes und versuche es erneut.\";\n\n\n\n  window.REQUIRED_MULTISELECT_MESSAGE = 'Bitte w\u00e4hle mindestens eine Option';\n\n  window.translation = {\n    common: {\n      selectedList: '{quantity} Liste ausgew\u00e4hlt',\n      selectedLists: '{quantity} Listen ausgew\u00e4hlt',\n      selectedOption: '{quantity} ausgew\u00e4hlt',\n      selectedOptions: '{quantity} ausgew\u00e4hlt',\n    }\n  };\n\n  var AUTOHIDE = Boolean(0);\n<\/script>\n\n<script defer src=\"https:\/\/sibforms.com\/forms\/end-form\/build\/main.js\"><\/script>\n\n\n<!-- END - We recommend to place the above code in footer or bottom of your website html  -->\n<!-- End Brevo Form -->\n<\/div>\n","protected":false},"excerpt":{"rendered":"<div class=\"excerpt-text\">\n<p>Die newsletter der Jugendherbergen in Luxemburg Bleibe auf dem Laufenden und erhalte regelm\u00e4\u00dfig Neuigkeiten zu unserem Netzwerk, den Wochenmen\u00fcs unserer Jugendherbergen sowie unseren Bildungs- und Betreuungseinrichtungen. Wir versenden keine Spam-E-Mails. Du hast jederzeit die M\u00f6glichkeit, dich von diesem Newsletter abzumelden. Dies ist in jedem Newsletter mit einem Klick m\u00f6glich. Den entsprechenden Link findest du immer [&hellip;]<\/p>\n<\/div>\n","protected":false},"author":1,"featured_media":0,"parent":0,"menu_order":17,"comment_status":"closed","ping_status":"closed","template":"","meta":{"inline_featured_image":false,"footnotes":""},"class_list":["post-14457","page","type-page","status-publish","hentry"],"_links":{"self":[{"href":"https:\/\/youthhostels.lu\/de\/wp-json\/wp\/v2\/pages\/14457","targetHints":{"allow":["GET"]}}],"collection":[{"href":"https:\/\/youthhostels.lu\/de\/wp-json\/wp\/v2\/pages"}],"about":[{"href":"https:\/\/youthhostels.lu\/de\/wp-json\/wp\/v2\/types\/page"}],"author":[{"embeddable":true,"href":"https:\/\/youthhostels.lu\/de\/wp-json\/wp\/v2\/users\/1"}],"replies":[{"embeddable":true,"href":"https:\/\/youthhostels.lu\/de\/wp-json\/wp\/v2\/comments?post=14457"}],"version-history":[{"count":11,"href":"https:\/\/youthhostels.lu\/de\/wp-json\/wp\/v2\/pages\/14457\/revisions"}],"predecessor-version":[{"id":20092,"href":"https:\/\/youthhostels.lu\/de\/wp-json\/wp\/v2\/pages\/14457\/revisions\/20092"}],"wp:attachment":[{"href":"https:\/\/youthhostels.lu\/de\/wp-json\/wp\/v2\/media?parent=14457"}],"curies":[{"name":"wp","href":"https:\/\/api.w.org\/{rel}","templated":true}]}}