{"id":5198,"date":"2025-08-01T15:28:02","date_gmt":"2025-08-01T13:28:02","guid":{"rendered":"https:\/\/dev.youthhostels.lu\/ticketshop\/"},"modified":"2025-12-23T15:35:45","modified_gmt":"2025-12-23T14:35:45","slug":"ticketshop","status":"publish","type":"page","link":"https:\/\/youthhostels.lu\/de\/ticketshop\/","title":{"rendered":"Ticketshop"},"content":{"rendered":"\n<div class=\"wp-block-group has-global-padding is-layout-constrained wp-block-group-is-layout-constrained\">\n<h1 class=\"wp-block-heading\">Willkommen im <mark style=\"background-color:rgba(0, 0, 0, 0)\" class=\"has-inline-color has-primary-color\">Ticketshop<\/mark><br>der Jugendherbergen<\/h1>\n\n\n\n<div class=\"wp-block-group has-global-padding is-layout-constrained wp-block-group-is-layout-constrained\">\n<p class=\"has-medium-font-size\">Hier findest du alle Informationen und Tickets f\u00fcr die von unseren Jugendherbergen organisierten Aktivit\u00e4ten. Wir bieten eine gro\u00dfe Auswahl an Aktivit\u00e4ten f\u00fcr jedes Alter und jeden Geschmack.<\/p>\n\n\n\n<p class=\"has-medium-font-size\">Wir hoffen, dass du genau das findest, was du suchst, und dass du deinen Aufenthalt in Luxemburg in vollen Z\u00fcgen genie\u00dfen wirst!<\/p>\n\n\n\n<p class=\"has-medium-font-size\"><strong>Reserviere jetzt die Aktivit\u00e4t deiner Wahl!<\/strong><\/p>\n<\/div>\n<\/div>\n\n\n\n<product-catalog-widget widget-id=\"c80e755b-974d-474f-8d5b-a1e4d0888547\"><\/product-catalog-widget><script type=\"text\/javascript\" src=\"https:\/\/widgets.regiondo.net\/catalog\/v1\/catalog-widget.min.js\"><\/script>\n","protected":false},"excerpt":{"rendered":"<div class=\"excerpt-text\">\n<p>Willkommen im Ticketshopder Jugendherbergen Hier findest du alle Informationen und Tickets f\u00fcr die von unseren Jugendherbergen organisierten Aktivit\u00e4ten. Wir bieten eine gro\u00dfe Auswahl an Aktivit\u00e4ten f\u00fcr jedes Alter und jeden Geschmack. Wir hoffen, dass du genau das findest, was du suchst, und dass du deinen Aufenthalt in Luxemburg in vollen Z\u00fcgen genie\u00dfen wirst! Reserviere jetzt [&hellip;]<\/p>\n<\/div>\n","protected":false},"author":1,"featured_media":0,"parent":0,"menu_order":13,"comment_status":"closed","ping_status":"closed","template":"","meta":{"inline_featured_image":false,"footnotes":""},"class_list":["post-5198","page","type-page","status-publish","hentry"],"_links":{"self":[{"href":"https:\/\/youthhostels.lu\/de\/wp-json\/wp\/v2\/pages\/5198","targetHints":{"allow":["GET"]}}],"collection":[{"href":"https:\/\/youthhostels.lu\/de\/wp-json\/wp\/v2\/pages"}],"about":[{"href":"https:\/\/youthhostels.lu\/de\/wp-json\/wp\/v2\/types\/page"}],"author":[{"embeddable":true,"href":"https:\/\/youthhostels.lu\/de\/wp-json\/wp\/v2\/users\/1"}],"replies":[{"embeddable":true,"href":"https:\/\/youthhostels.lu\/de\/wp-json\/wp\/v2\/comments?post=5198"}],"version-history":[{"count":2,"href":"https:\/\/youthhostels.lu\/de\/wp-json\/wp\/v2\/pages\/5198\/revisions"}],"predecessor-version":[{"id":16939,"href":"https:\/\/youthhostels.lu\/de\/wp-json\/wp\/v2\/pages\/5198\/revisions\/16939"}],"wp:attachment":[{"href":"https:\/\/youthhostels.lu\/de\/wp-json\/wp\/v2\/media?parent=5198"}],"curies":[{"name":"wp","href":"https:\/\/api.w.org\/{rel}","templated":true}]}}