{"id":8577,"date":"2025-09-30T14:47:05","date_gmt":"2025-09-30T12:47:05","guid":{"rendered":"https:\/\/dev.youthhostels.lu\/?page_id=8577"},"modified":"2026-01-28T16:43:10","modified_gmt":"2026-01-28T15:43:10","slug":"mitglied-werden","status":"publish","type":"page","link":"https:\/\/youthhostels.lu\/de\/mitglied-werden\/","title":{"rendered":"Mitglied werden"},"content":{"rendered":"<div style=\"left: 50%; top: 0%; transform: translate(-50%, -50%) rotate(0deg); --line-stroke: var(--wp--preset--color--secondary-light); --svg-width: 1440px; --svg-height: 460px;\" class=\"yh-line-color-secondary-light wp-block-youthhostels-animated-line-background\" data-line=\"11\"><svg style=\"color: var(--line-stroke)\" aria-hidden=\"true\" focusable=\"false\" id=\"animated-line-11\" xmlns=\"http:\/\/www.w3.org\/2000\/svg\" version=\"1.1\" viewBox=\"0 0 1440 460\" width=\"1440\" height=\"460\">\n  <path class=\"svg-elem-1\" fill=\"none\" stroke=\"currentColor\" stroke-linecap=\"round\" stroke-linejoin=\"round\" stroke-width=\"16\" d=\"M-897.9-188.8C-760.1-25.5-249.8-643,235.1-872.7S826-166.4,826-166.4c48,288,188,270,272,278s150,54,150,114-96,52-162,40-164-64-168,42,118,102,156,96,44-27.5,112-26c88,2,86,88,62,138s-118,28-150,16-92-40-142-48-133,14-213,140c-64,100.8-21.8,195.7-12,226-28,87-19.4,283.2-77,288-72,6-88-44-102-120s-14-148-102-116c-70.4,25.6-45.3,168-24,236,17.3,30,35.2,87.6-32,78-84-12-96-40-96-78s10-94-54-66S-10,1181.6,4,1433.6c14,252,144,150,166,138s74-56,50-178-2-132,38-130,58,32,60,58-14,108,0,134,62,78,108,48,41-89,0-146-39-96,24-101,115,39,123,55,27,64,31,93-21,201,25,217,96,39,189,0,67-239,126-285,215-81,289-44,223,218,268,206c0,0,213.9,27.4,445.9-210.1s-151.9,698.7,104.9,878.2\"><\/path>\n<\/svg><\/div>\n\n\n<h1 class=\"wp-block-heading\"><mark style=\"background-color:rgba(0, 0, 0, 0)\" class=\"has-inline-color has-primary-color\">Mitglied werden<\/mark> im <br>internationalen Netzwerk<br>der Jugendherbergen<\/h1>\n\n\n\n<div class=\"wp-block-columns is-layout-flex wp-container-core-columns-is-layout-28f84493 wp-block-columns-is-layout-flex\" id=\"hostels\">\n<div class=\"wp-block-column is-vertically-aligned-center is-layout-flow wp-block-column-is-layout-flow\">\n<div class=\"wp-block-group is-nowrap is-layout-flex wp-container-core-group-is-layout-6c531013 wp-block-group-is-layout-flex\">\n<i style=\"color:#4A4A49;background-color:#AFC0E3;padding:5px;display:inline-block;border-radius:100%;vertical-align:middle\" class=\"wp-block-youthhostels-icon is-style-shape is-style-icon-back-01 is-size-x-large yh-icon-become-member\" aria-hidden=\"true\"><\/i>\n\n\n\n<h2 class=\"wp-block-heading\">Die <mark style=\"background-color:rgba(0, 0, 0, 0)\" class=\"has-inline-color has-primary-color\">Mitgliedskarte<\/mark><br>\u201eHostelling International\u201d<\/h2>\n<\/div>\n\n\n\n<p class=\"has-medium-font-size\"><strong>Die <a href=\"https:\/\/hihostels.com\/\" target=\"_blank\" rel=\"noopener\">\u201eHostelling International\u201c<\/a>-Karte ist die Mitgliedskarte f\u00fcr Jugendherbergen auf der ganzen Welt. Mitglied zu werden bedeutet jedoch viel mehr, als nur diese Karte zu besitzen.<\/strong><\/p>\n\n\n\n<p>Mit deiner Mitgliedschaft wirst du Teil einer der weltweit gr\u00f6\u00dften gemeinn\u00fctzigen Vereinigungen, die sich f\u00fcr V\u00f6lkerverst\u00e4ndigung, Jugendtourismus und Umweltschutz einsetzt.<br>Mit deinem Mitgliedsbeitrag tr\u00e4gst du zur Instandhaltung, Verbesserung und stetigen Erweiterung des Netzwerks der Jugendherbergen bei.<\/p>\n<\/div>\n\n\n\n<div class=\"wp-block-column is-layout-flow wp-block-column-is-layout-flow\" style=\"flex-basis:41.666666%\">\n<figure class=\"wp-block-image size-full has-custom-border\"><img decoding=\"async\" width=\"698\" height=\"455\" src=\"https:\/\/youthhostels.lu\/wp-content\/uploads\/2025\/09\/Carte-de-membre.jpg\" alt=\"\" class=\"has-border-color has-primary-light-border-color wp-image-8555\" style=\"border-width:3px;border-radius:14px\" srcset=\"https:\/\/youthhostels.lu\/wp-content\/uploads\/2025\/09\/Carte-de-membre.jpg 698w, https:\/\/youthhostels.lu\/wp-content\/uploads\/2025\/09\/Carte-de-membre-300x196.jpg 300w\" sizes=\"(max-width: 698px) 100vw, 698px\" \/><\/figure>\n\n\n\n<div class=\"wp-block-buttons is-content-justification-center is-layout-flex wp-container-core-buttons-is-layout-a89b3969 wp-block-buttons-is-layout-flex\">\n<div class=\"wp-block-button is-style-fill\"><a class=\"wp-block-button__link has-secondary-background-color has-background wp-element-button\" href=\"https:\/\/youthhostels.lu\/de\/mitglied-werden\/antrag-auf-mitgliedschaft\/\">Mitglied werden<\/a><\/div>\n<\/div>\n<\/div>\n<\/div>\n\n\n\n<div class=\"wp-block-group educational has-white-color has-primary-background-color has-text-color has-background has-link-color wp-elements-97871a22fecaf01130b0e5e52b2f6063 has-global-padding is-layout-constrained wp-block-group-is-layout-constrained\">\n<div class=\"wp-block-columns is-layout-flex wp-container-core-columns-is-layout-28f84493 wp-block-columns-is-layout-flex\">\n<div class=\"wp-block-column is-layout-flow wp-block-column-is-layout-flow\" style=\"flex-basis:33.333333%\">\n<h2 class=\"wp-block-heading has-white-color has-text-color has-link-color wp-elements-f8843cc4089a37a8ff5610d3ec5b260e\">Die Vorteile<\/h2>\n\n\n\n<figure class=\"wp-block-image size-large is-style-shape-02\"><div class=\"image-shape-wrapper\"><img decoding=\"async\" width=\"1024\" height=\"768\" src=\"https:\/\/youthhostels.lu\/wp-content\/uploads\/2025\/09\/Esch180421-175-1024x768.jpg\" alt=\"\" class=\"wp-image-8560\"\/ style=\"object-position: 100% 61.62%; transform-origin: 100% 61.62%;\" data-focal-point=\"true\" data-focal-x=\"1\" data-focal-y=\"0.61620758056641\" srcset=\"https:\/\/youthhostels.lu\/wp-content\/uploads\/2025\/09\/Esch180421-175-1024x768.jpg 1024w, https:\/\/youthhostels.lu\/wp-content\/uploads\/2025\/09\/Esch180421-175-300x225.jpg 300w, https:\/\/youthhostels.lu\/wp-content\/uploads\/2025\/09\/Esch180421-175-768x576.jpg 768w, https:\/\/youthhostels.lu\/wp-content\/uploads\/2025\/09\/Esch180421-175-1536x1152.jpg 1536w, https:\/\/youthhostels.lu\/wp-content\/uploads\/2025\/09\/Esch180421-175-scaled.jpg 2048w\" sizes=\"(max-width: 1024px) 100vw, 1024px\" \/><\/div><\/figure>\n<\/div>\n\n\n\n<div class=\"wp-block-column is-layout-flow wp-container-core-column-is-layout-1687fb2a wp-block-column-is-layout-flow\" style=\"flex-basis:66.66666%\">\n<p class=\"has-medium-font-size\">Die Hostelling-International-Karte hat keine Altersbeschr\u00e4nkung und bietet dir zahlreiche Vorteile.<\/p>\n\n\n\n<ul style=\"--marker-color:#F3941E;\" class=\"wp-block-list\">\n<li>Der Schl\u00fcssel zu mehr als 2.300 Jugendherbergen in \u00fcber 58 L\u00e4ndern und Regionen weltweit.<\/li>\n\n\n\n<li>Au\u00dferdem erhalten Sie Zugang zu den von diesen Jugendherbergen angebotenen Reisen und Aktivit\u00e4ten zu Vorzugspreisen.<\/li>\n\n\n\n<li>Ein Abonnement f\u00fcr unsere Newsletter.<\/li>\n\n\n\n<li>Ein internationales Reservierungssystem.<\/li>\n<\/ul>\n\n\n\n<div class=\"wp-block-buttons is-layout-flex wp-block-buttons-is-layout-flex\">\n<div class=\"wp-block-button\"><a class=\"wp-block-button__link has-primary-color has-white-background-color has-text-color has-background has-link-color wp-element-button\" href=\"https:\/\/youthhostels.lu\/de\/mitglied-werden\/ermassigungen-fur-mitglieder\/\">Siehe alle Vorteile<\/a><\/div>\n<\/div>\n<\/div>\n<\/div>\n<\/div>\n\n\n\n<div class=\"wp-block-columns is-layout-flex wp-container-core-columns-is-layout-28f84493 wp-block-columns-is-layout-flex\">\n<div class=\"wp-block-column is-layout-flow wp-block-column-is-layout-flow\">\n<h3 class=\"wp-block-heading\"><mark style=\"background-color:rgba(0, 0, 0, 0)\" class=\"has-inline-color has-primary-color\">Auf Wiedersehen, physische Karten<\/mark>! Hallo Komfort!<\/h3>\n\n\n\n<p>Mit unserer digitalen Karte kannst du ganz einfach \u00fcber dein Smartphone auf deine Mitgliedschaft zugreifen. Dadurch wird Papier gespart und es entstehen keine Druck- und Versandkosten.<\/p>\n\n\n\n<p>Du erh\u00e4ltst die Mitgliedskarte per E-Mail. Du kannst sie in der Geldb\u00f6rse deines Smartphones und\/oder in der Klarna-App speichern. Es ist daher wichtig, dass wir deine korrekte E-Mail-Adresse haben, da du sonst keine Karte erh\u00e4ltst.<\/p>\n\n\n\n<p>Aber das ist noch nicht alles! Wir machen die Bezahlung einfacher denn je. Ab sofort kannst du bei der Verl\u00e4ngerung online mit Kreditkarte oder \u00fcber die Payconiq-App bezahlen.<\/p>\n\n\n\n<div class=\"wp-block-buttons is-layout-flex wp-block-buttons-is-layout-flex\">\n<div class=\"wp-block-button\"><a class=\"wp-block-button__link wp-element-button\" href=\"https:\/\/youthhostels.lu\/de\/yh-download\/16545\/Digital-membership-card-A4-Klarna-et-CO.pdf\">Wie kann man die Karte auf sein Smartphone herunterladen?<\/a><\/div>\n<\/div>\n<\/div>\n\n\n\n<div class=\"wp-block-column is-layout-flow wp-block-column-is-layout-flow\">\n<h3 class=\"wp-block-heading\">Wo kann man die Karte <mark style=\"background-color:rgba(0, 0, 0, 0)\" class=\"has-inline-color has-primary-color\">kaufen?<\/mark><\/h3>\n\n\n\n<p>Du kannst deine Mitgliedskarte auch direkt vor Ort in der Jugendherberge deiner Wahl erwerben.<\/p>\n\n\n\n<p><strong>Achtung: <\/strong>Um Mitglied in unserem Verband zu werden, musst du allerdings in Luxemburg wohnen. Wenn du nicht in Luxemburg wohnst, wende dich bitte an deinen nationalen Verband.<\/p>\n\n\n\n<div class=\"wp-block-buttons is-content-justification-left is-layout-flex wp-container-core-buttons-is-layout-fc4fd283 wp-block-buttons-is-layout-flex\">\n<div class=\"wp-block-button is-style-fill\"><a class=\"wp-block-button__link has-primary-background-color has-background wp-element-button\" href=\"https:\/\/youthhostels.lu\/de\/mitglied-werden\/antrag-auf-mitgliedschaft\/\">Mitglied werden<\/a><\/div>\n\n\n\n<div class=\"wp-block-button is-style-outline is-style-outline--1\"><a class=\"wp-block-button__link wp-element-button\" href=\"https:\/\/youthhostels.lu\/de\/mitglied-werden\/antrag-auf-mitgliedschaft\/\">Finde eine Jugendherberge<\/a><\/div>\n<\/div>\n<\/div>\n<\/div>\n\n\n\n<div class=\"wp-block-group has-global-padding is-layout-constrained wp-block-group-is-layout-constrained\"><div style=\"left: 50%; top: 50%; transform: translate(-50%, -50%) rotate(0deg); --line-stroke: var(--wp--preset--color--secondary-light); --svg-width: 1440px; --svg-height: 600px;\" class=\"yh-line-color-secondary-light wp-block-youthhostels-animated-line-background\" data-line=\"05\"><svg style=\"color: var(--line-stroke)\" aria-hidden=\"true\" focusable=\"false\" id=\"animated-line-05\" xmlns=\"http:\/\/www.w3.org\/2000\/svg\" version=\"1.1\" viewBox=\"0 0 1440 600\" width=\"1440\" height=\"600\">\n  <path  class=\"svg-elem-1\" fill=\"none\" stroke=\"currentColor\" stroke-linecap=\"round\" stroke-linejoin=\"round\" stroke-width=\"16\"  d=\"M2003.5,44.2c75.3,11.7,30.1,361.7-118.9,351.6s-185.9,77-195.9,123.9,137.3,100.5,58.6-40.2-234.4,56.9-383.4,10-279.8-133.2-279.8-133.2c-37.2-17.7-74.9-35.5-115.3-43-40.5-7.5-84.7-3.4-118.6,19.9-39.6,27.3-58.6,75.5-72.8,121.4-57.3,236.9-49.7,314-27.9,364.7,0,0,3.3,83.7,118.9,83.7s984.6-341.6,1188.8-123.9\"><\/path>\n<\/svg><\/div>\n\n\n<div class=\"wp-block-columns are-vertically-aligned-center is-layout-flex wp-container-core-columns-is-layout-28f84493 wp-block-columns-is-layout-flex\" id=\"pricing\">\n<div class=\"wp-block-column is-layout-flow wp-block-column-is-layout-flow\" style=\"flex-basis:16.66%\"><\/div>\n\n\n\n<div class=\"wp-block-column is-vertically-aligned-center is-layout-flow wp-container-core-column-is-layout-360d14ef wp-block-column-is-layout-flow\" style=\"flex-basis:66.66%\">\n<h2 class=\"wp-block-heading has-text-align-center\">Der <mark class=\"yh-highlight has-shape-line-two\"><mark style=\"background-color:rgba(0, 0, 0, 0)\" class=\"has-inline-color has-secondary-color\">Jahresbeitrag<\/mark><\/mark><\/h2>\n\n\n        <div class=\"wp-block-youthhostels-tariff-table\">\n            \n            \n                                    <div id=\"panel-year1-tariff-table-69df0c3f71ff1\" class=\"tariff-tab-panel is-active\" >\n                <table>\n                    <thead>\n                                                <tr><th scope=\"col\">Kategorie<\/th><th scope=\"col\" class=\"is-highlighted\">Preise<\/th><\/tr>                    <\/thead>\n                    <tbody>\n                        <tr class=\"wp-block-youthhostels-tariff-section is-main-header-toggle\" data-section-id=\"tariff-table-69df0c3f71ff1-section-0\"><th scope=\"row\" class=\"tariff-section-header\"><div class=\"tariff-toggle-heading\"><button type=\"button\" class=\"tariff-toggle-button\" aria-expanded=\"true\" aria-controls=\"tariff-table-69df0c3f71ff1-section-0-y1-content-1\"><div class=\"section-title\">Kategorie<\/div><\/button><\/div><\/th><td class=\"is-highlighted\"><\/td><\/tr>                        <tr class=\"tariff-content-row\" data-parent-section=\"tariff-table-69df0c3f71ff1-section-0-y1\"><th scope=\"row\">\n<i style=\"color:#FFFFFF;background-color:#7996D0;padding:5px;display:inline-block;border-radius:100%;vertical-align:middle\" class=\"wp-block-youthhostels-icon is-size-medium yh-icon-family-kids\" aria-hidden=\"true\"><\/i>\n\n<div class=\"wp-block-group is-vertical is-layout-flex wp-container-core-group-is-layout-e9e558ad wp-block-group-is-layout-flex\">\n<p><strong>Junior<br><\/strong>bis zu 30 Jahren<\/p>\n<\/div>\n<\/th><td class=\"is-highlighted\" data-label=\"Preise\">10 \u20ac<\/td><\/tr><tr class=\"tariff-content-row\" data-parent-section=\"tariff-table-69df0c3f71ff1-section-0-y1\"><th scope=\"row\">\n<i style=\"color:#FFFFFF;background-color:#F3941E;padding:5px;display:inline-block;border-radius:100%;vertical-align:middle\" class=\"wp-block-youthhostels-icon is-size-medium yh-icon-add\" aria-hidden=\"true\"><\/i>\n\n<div class=\"wp-block-group is-vertical is-layout-flex wp-container-core-group-is-layout-e9e558ad wp-block-group-is-layout-flex\">\n<p><strong>Senior<br><\/strong>ab 31 Jahren<\/p>\n<\/div>\n<\/th><td class=\"is-highlighted\" data-label=\"Preise\">15 \u20ac<\/td><\/tr><tr class=\"tariff-content-row\" data-parent-section=\"tariff-table-69df0c3f71ff1-section-0-y1\"><th scope=\"row\">\n<i style=\"color:#7996D0;background-color:transparent;padding:0px;border:1px solid #7996D0;display:inline-block;border-radius:100%;vertical-align:middle\" class=\"wp-block-youthhostels-icon is-size-medium yh-icon-family-4p\" aria-hidden=\"true\"><\/i>\n\n<div class=\"wp-block-group is-vertical is-layout-flex wp-container-core-group-is-layout-e9e558ad wp-block-group-is-layout-flex\">\n<p><strong>Familie<br><\/strong>Es werden mindestens zwei Mitgliedskarten an dieselbe Adresse bestellt, wobei ein oder zwei Erwachsene und ein oder mehrere Kinder enthalten sind.<\/p>\n\n\n\n<p>Jedes Familienmitglied (maximal neun Personen) erh\u00e4lt eine Karte. Alle Familienmitglieder m\u00fcssen ihren Namen, Vornamen und ihr Geburtsdatum angeben.<\/p>\n<\/div>\n<\/th><td class=\"is-highlighted\" data-label=\"Preise\">25 \u20ac<\/td><\/tr><tr class=\"tariff-content-row\" data-parent-section=\"tariff-table-69df0c3f71ff1-section-0-y1\"><th scope=\"row\">\n<i style=\"color:#F3941E;background-color:transparent;padding:0px;border:1px solid #F3941E;display:inline-block;border-radius:100%;vertical-align:middle\" class=\"wp-block-youthhostels-icon is-size-medium yh-icon-school-group-trips\" aria-hidden=\"true\"><\/i>\n\n<div class=\"wp-block-group is-vertical is-layout-flex wp-container-core-group-is-layout-e9e558ad wp-block-group-is-layout-flex\">\n<p><strong>Gruppe<br><\/strong>Eine zugelassene Gruppe von mindestens 10 Personen, wie Schulen und anerkannte Vereine (gemeinn\u00fctzige Vereine, Jugendbewegungen, Sportvereine usw.).<\/p>\n<\/div>\n<\/th><td class=\"is-highlighted\" data-label=\"Preise\">25 \u20ac<\/td><\/tr><tr class=\"tariff-content-row\" data-parent-section=\"tariff-table-69df0c3f71ff1-section-0-y1\"><th scope=\"row\">\n<i style=\"color:#7996D0;background-color:transparent;padding:0px;border:1px solid #7996D0;display:inline-block;border-radius:100%;vertical-align:middle\" class=\"wp-block-youthhostels-icon is-size-medium yh-icon-cabin-shed\" aria-hidden=\"true\"><\/i>\n\n<div class=\"wp-block-group is-vertical is-layout-flex wp-container-core-group-is-layout-fe9cc265 wp-block-group-is-layout-flex\">\n<p><strong>Vorteilskarte \u201eunter einem Dach\u201c<\/strong><br>Es werden mindestens zwei Mitgliedskarten an dieselbe Adresse bestellt.<\/p>\n\n\n\n<p>Jede Person, die unter demselben Dach lebt (maximal neun Personen), erh\u00e4lt eine Karte. Alle Personen m\u00fcssen ihren Namen, Vornamen und ihr Geburtsdatum angeben.<\/p>\n<\/div>\n<\/th><td class=\"is-highlighted\" data-label=\"Preise\">25 \u20ac<\/td><\/tr><tr class=\"tariff-content-row\" data-parent-section=\"tariff-table-69df0c3f71ff1-section-0-y1\"><th scope=\"row\">\n<i style=\"color:#F3941E;background-color:transparent;padding:0px;border:1px solid #F3941E;display:inline-block;border-radius:100%;vertical-align:middle\" class=\"wp-block-youthhostels-icon is-size-medium yh-icon-primary\" aria-hidden=\"true\"><\/i>\n\n<div class=\"wp-block-group is-vertical is-layout-flex wp-container-core-group-is-layout-fe9cc265 wp-block-group-is-layout-flex\">\n<p><strong>Luxemburgische Schulen<\/strong><\/p>\n\n\n\n<p>Luxemburgische Schulen, die einen Aufenthalt in einer Jugendherberge in Luxemburg gebucht haben, k\u00f6nnen die Karte kostenlos erhalten.<\/p>\n<\/div>\n<\/th><td class=\"is-highlighted\" data-label=\"Preise\">Kostenlos<\/td><\/tr>                    <\/tbody>\n                <\/table>\n            <\/div>\n\n                        \n            \n        <\/div>         <\/div>\n\n\n\n<div class=\"wp-block-column is-layout-flow wp-block-column-is-layout-flow\" style=\"flex-basis:16.66%\"><\/div>\n<\/div>\n<\/div>\n\n\n\n<div id=\"europyouth-card\" class=\"wp-block-group become-member has-purple-light-background-color has-background has-global-padding is-layout-constrained wp-container-core-group-is-layout-ad5660c8 wp-block-group-is-layout-constrained\" style=\"padding-top:var(--wp--preset--spacing--large);padding-right:var(--wp--preset--spacing--large);padding-bottom:var(--wp--preset--spacing--large);padding-left:var(--wp--preset--spacing--large)\">\n<figure class=\"wp-block-image size-large become-member-image is-style-default\"><img decoding=\"async\" width=\"1024\" height=\"900\" src=\"https:\/\/youthhostels.lu\/wp-content\/uploads\/2026\/01\/YH-CJ-Mockup_1-1024x900.png\" alt=\"\" class=\"wp-image-19693\" srcset=\"https:\/\/youthhostels.lu\/wp-content\/uploads\/2026\/01\/YH-CJ-Mockup_1-1024x900.png 1024w, https:\/\/youthhostels.lu\/wp-content\/uploads\/2026\/01\/YH-CJ-Mockup_1-300x264.png 300w, https:\/\/youthhostels.lu\/wp-content\/uploads\/2026\/01\/YH-CJ-Mockup_1.png 1708w\" sizes=\"(max-width: 1024px) 100vw, 1024px\" \/><\/figure>\n\n\n\n<div class=\"wp-block-columns are-vertically-aligned-top is-layout-flex wp-container-core-columns-is-layout-47e616e8 wp-block-columns-is-layout-flex\">\n<div class=\"wp-block-column is-vertically-aligned-top become-member-head is-layout-flow wp-block-column-is-layout-flow\" style=\"flex-basis:50%\">\n<div class=\"wp-block-group become-member-title has-global-padding is-layout-constrained wp-block-group-is-layout-constrained\">\n<h2 class=\"wp-block-heading has-purple-color has-text-color has-link-color wp-elements-4aa7548c9fa6c57aba91080e91c2705b\">Du bist zwischen 12 und 30 Jahre alt?<\/h2>\n<\/div>\n\n\n\n<p class=\"has-medium-font-size\">Dann warte nicht l\u00e4nger und bestelle deine Jugendkarte \u2013 die <strong>European Youth Card<\/strong>!<\/p>\n\n\n\n<figure class=\"wp-block-image size-large is-resized\"><img decoding=\"async\" width=\"1024\" height=\"462\" src=\"https:\/\/youthhostels.lu\/wp-content\/uploads\/2026\/01\/EYCA-Logos-RBG_Primary-1024x462.png\" alt=\"\" class=\"wp-image-19690\" style=\"width:120px\" srcset=\"https:\/\/youthhostels.lu\/wp-content\/uploads\/2026\/01\/EYCA-Logos-RBG_Primary-1024x462.png 1024w, https:\/\/youthhostels.lu\/wp-content\/uploads\/2026\/01\/EYCA-Logos-RBG_Primary-300x135.png 300w, https:\/\/youthhostels.lu\/wp-content\/uploads\/2026\/01\/EYCA-Logos-RBG_Primary-scaled.png 2048w\" sizes=\"(max-width: 1024px) 100vw, 1024px\" \/><\/figure>\n<\/div>\n\n\n\n<div class=\"wp-block-column is-vertically-aligned-top is-layout-flow wp-block-column-is-layout-flow\" style=\"flex-basis:50%\">\n<p>Vorteile der Karte:<\/p>\n\n\n\n<ul style=\"--marker-color:#F3941E;\" class=\"wp-block-list\">\n<li>Hunderte Verg\u00fcnstigungen in Luxemburg und europaweit<\/li>\n\n\n\n<li>Erm\u00e4\u00dfigungen auf Kultur, Sport, Reisen, Shopping und vieles mehr<\/li>\n\n\n\n<li>Nur 10 \u20ac pro Jahr<\/li>\n<\/ul>\n\n\n\n<p>Bestelle sie jetzt online unter <a href=\"http:\/\/www.cartejeunes.lu\/en\/\" target=\"_blank\" rel=\"noopener\">www.cartejeunes.lu<\/a> und profitiere sofort von attraktiven Angeboten!<\/p>\n\n\n\n<p>Die Karte ist ab sofort zus\u00e4tzlich zu unserer klassischen Junior-Mitgliedskarte erh\u00e4ltlich.<\/p>\n\n\n\n<div class=\"wp-block-buttons is-layout-flex wp-block-buttons-is-layout-flex\">\n<div class=\"wp-block-button is-style-outline is-style-outline--2\"><a class=\"wp-block-button__link has-purple-color has-purple-background-color has-text-color has-background has-link-color wp-element-button\" href=\"https:\/\/cartejeunes.lu\/en\/order\/\" target=\"_blank\" rel=\"noreferrer noopener\">Bestelle deine Jugendkarte<\/a><\/div>\n<\/div>\n<\/div>\n<\/div>\n<\/div>\n\n\n\n<div class=\"wp-block-group educational has-white-color has-primary-light-background-color has-text-color has-background has-link-color wp-elements-5fdee8d0a3200fbe4555d1c03e78396d has-global-padding is-layout-constrained wp-block-group-is-layout-constrained\">\n<div class=\"wp-block-columns is-layout-flex wp-container-core-columns-is-layout-28f84493 wp-block-columns-is-layout-flex\">\n<div class=\"wp-block-column is-layout-flow wp-block-column-is-layout-flow\" style=\"flex-basis:33.333333%\">\n<h2 class=\"wp-block-heading has-base-color has-text-color has-link-color wp-elements-6161244dc2bf253e3803db3d3378c110\">erweiterte Mitgliedschaft<br><mark style=\"background-color:rgba(0, 0, 0, 0)\" class=\"has-inline-color has-primary-color\">assoziiert<\/mark><\/h2>\n\n\n\n<figure class=\"wp-block-image size-large is-style-shape-02\"><div class=\"image-shape-wrapper\"><img decoding=\"async\" width=\"1024\" height=\"768\" src=\"https:\/\/youthhostels.lu\/wp-content\/uploads\/2025\/09\/IMG_3418-1024x768.jpg\" alt=\"\" class=\"wp-image-8571\"\/ style=\"object-position: 0% 62.62%; transform-origin: 0% 62.62%;\" data-focal-point=\"true\" data-focal-x=\"0\" data-focal-y=\"0.62620758056641\" srcset=\"https:\/\/youthhostels.lu\/wp-content\/uploads\/2025\/09\/IMG_3418-1024x768.jpg 1024w, https:\/\/youthhostels.lu\/wp-content\/uploads\/2025\/09\/IMG_3418-300x225.jpg 300w, https:\/\/youthhostels.lu\/wp-content\/uploads\/2025\/09\/IMG_3418-768x576.jpg 768w, https:\/\/youthhostels.lu\/wp-content\/uploads\/2025\/09\/IMG_3418-1536x1152.jpg 1536w, https:\/\/youthhostels.lu\/wp-content\/uploads\/2025\/09\/IMG_3418-scaled.jpg 2048w\" sizes=\"(max-width: 1024px) 100vw, 1024px\" \/><\/div><\/figure>\n<\/div>\n\n\n\n<div class=\"wp-block-column is-layout-flow wp-container-core-column-is-layout-1687fb2a wp-block-column-is-layout-flow\" style=\"flex-basis:66.66666%\">\n<p class=\"has-base-color has-text-color has-link-color has-medium-font-size wp-elements-4732c60487a9f27fc44141d8699b557d\"><strong>M\u00f6chtest du die Jugendherbergen aktiv unterst\u00fctzen und Teil der gro\u00dfen Jugendherbergs-Familie werden? M\u00f6chtest du au\u00dferdem jedes Jahr abstimmen und den Verwaltungsrat unterst\u00fctzen?<\/strong><\/p>\n\n\n\n<p class=\"has-base-color has-text-color has-link-color wp-elements-53eae9d75d6c4a42486a950c385f7271\">Kontaktiere uns, um eine erweiterte Mitgliedschaft zu beantragen. Der Verband der Luxemburger Jugendherbergen besteht n\u00e4mlich nicht nur aus klassischen Mitgliedern. Alle Personen, die die Werte und Grunds\u00e4tze des Verbands aktiv unterst\u00fctzen m\u00f6chten, k\u00f6nnen eine assoziierte Mitgliedschaft beantragen. Als assoziiertes Mitglied hast du Stimmrecht bei unserer j\u00e4hrlichen Generalversammlung. Um eine erweiterte Mitgliedschaft zu beantragen, musst du zun\u00e4chst regul\u00e4res Mitglied werden.<\/p>\n\n\n\n<div class=\"wp-block-buttons is-layout-flex wp-block-buttons-is-layout-flex\">\n<div class=\"wp-block-button\"><a class=\"wp-block-button__link has-white-color has-text-color has-link-color wp-element-button\" href=\"https:\/\/youthhostels.lu\/de\/mitglied-werden\/erweiterte-mitgliedschaft\/\">Kontaktiere uns f\u00fcr mehr Informationen<\/a><\/div>\n<\/div>\n<\/div>\n<\/div>\n<\/div>\n\n\n\n<div class=\"wp-block-group has-white-color has-primary-background-color has-text-color has-background has-link-color wp-elements-6ed57f0396075b3eb713cc80ea8ef96f is-vertical is-content-justification-center is-layout-flex wp-container-core-group-is-layout-ce155fab wp-block-group-is-layout-flex\">\n<h2 class=\"wp-block-heading has-text-align-center has-white-color has-text-color has-link-color has-x-large-font-size wp-elements-73b331e1741181b5124d268e99c3378f\">Anmeldung zum Newsletter<\/h2>\n\n\n\n<p class=\"has-text-align-center\">Melde dich an, um Informationen zu unserem Netzwerk, den Wochenmen\u00fcs unserer Jugendherbergen sowie den neuesten Nachrichten zu unseren Bildungs- und Unterkunftseinrichtungen zu erhalten.<\/p>\n\n\n\n<div class=\"wp-block-buttons is-layout-flex wp-block-buttons-is-layout-flex\">\n<div class=\"wp-block-button is-style-small-default\"><a class=\"wp-block-button__link has-primary-color has-white-background-color has-text-color has-background has-link-color wp-element-button\" href=\"https:\/\/youthhostels.lu\/de\/newsletter\/\">Mehr erfahren<\/a><\/div>\n<\/div>\n<\/div>\n","protected":false},"excerpt":{"rendered":"<div class=\"excerpt-text\">\n<p>Mitglied werden im internationalen Netzwerkder Jugendherbergen Die Mitgliedskarte\u201eHostelling International\u201d Die \u201eHostelling International\u201c-Karte ist die Mitgliedskarte f\u00fcr Jugendherbergen auf der ganzen Welt. Mitglied zu werden bedeutet jedoch viel mehr, als nur diese Karte zu besitzen. Mit deiner Mitgliedschaft wirst du Teil einer der weltweit gr\u00f6\u00dften gemeinn\u00fctzigen Vereinigungen, die sich f\u00fcr V\u00f6lkerverst\u00e4ndigung, Jugendtourismus und Umweltschutz einsetzt.Mit deinem [&hellip;]<\/p>\n<\/div>\n","protected":false},"author":2,"featured_media":2823,"parent":0,"menu_order":11,"comment_status":"closed","ping_status":"closed","template":"","meta":{"inline_featured_image":false,"footnotes":""},"class_list":["post-8577","page","type-page","status-publish","has-post-thumbnail","hentry"],"_links":{"self":[{"href":"https:\/\/youthhostels.lu\/de\/wp-json\/wp\/v2\/pages\/8577","targetHints":{"allow":["GET"]}}],"collection":[{"href":"https:\/\/youthhostels.lu\/de\/wp-json\/wp\/v2\/pages"}],"about":[{"href":"https:\/\/youthhostels.lu\/de\/wp-json\/wp\/v2\/types\/page"}],"author":[{"embeddable":true,"href":"https:\/\/youthhostels.lu\/de\/wp-json\/wp\/v2\/users\/2"}],"replies":[{"embeddable":true,"href":"https:\/\/youthhostels.lu\/de\/wp-json\/wp\/v2\/comments?post=8577"}],"version-history":[{"count":21,"href":"https:\/\/youthhostels.lu\/de\/wp-json\/wp\/v2\/pages\/8577\/revisions"}],"predecessor-version":[{"id":19710,"href":"https:\/\/youthhostels.lu\/de\/wp-json\/wp\/v2\/pages\/8577\/revisions\/19710"}],"wp:featuredmedia":[{"embeddable":true,"href":"https:\/\/youthhostels.lu\/de\/wp-json\/wp\/v2\/media\/2823"}],"wp:attachment":[{"href":"https:\/\/youthhostels.lu\/de\/wp-json\/wp\/v2\/media?parent=8577"}],"curies":[{"name":"wp","href":"https:\/\/api.w.org\/{rel}","templated":true}]}}