{"id":8738,"date":"2025-10-01T15:54:28","date_gmt":"2025-10-01T13:54:28","guid":{"rendered":"https:\/\/dev.youthhostels.lu\/?page_id=8738"},"modified":"2026-04-03T11:10:01","modified_gmt":"2026-04-03T09:10:01","slug":"ermassigungen-fur-mitglieder","status":"publish","type":"page","link":"https:\/\/youthhostels.lu\/de\/mitglied-werden\/ermassigungen-fur-mitglieder\/","title":{"rendered":"Erm\u00e4ssigungen f\u00fcr Mitglieder"},"content":{"rendered":"\n<h2 class=\"wp-block-heading\"><mark style=\"background-color:rgba(0, 0, 0, 0)\" class=\"has-inline-color has-primary-color\">Erm\u00e4ssigungen f\u00fcr Mitglieder<br><\/mark>der internationalen Jugendherbergen <\/h2>\n\n\n\n<div class=\"wp-block-columns is-layout-flex wp-container-core-columns-is-layout-28f84493 wp-block-columns-is-layout-flex\" id=\"hostels\">\n<div class=\"wp-block-column is-vertically-aligned-center is-layout-flow wp-block-column-is-layout-flow\">\n<div class=\"wp-block-group is-nowrap is-layout-flex wp-container-core-group-is-layout-6c531013 wp-block-group-is-layout-flex\">\n<i style=\"color:#4A4A49;background-color:#AFC0E3;padding:5px;display:inline-block;border-radius:100%;vertical-align:middle\" class=\"wp-block-youthhostels-icon is-style-shape is-style-icon-back-01 is-size-x-large yh-icon-discount\" aria-hidden=\"true\"><\/i>\n\n\n\n<h3 class=\"wp-block-heading\">Nationale Erm\u00e4ssigungen<\/h3>\n<\/div>\n\n\n\n<p class=\"has-medium-font-size\"><strong>Indem du deine <a href=\"https:\/\/youthhostels.lu\/de\/mitglied-werden\/\">Mitgliedskarte<\/a> vorlegst oder den angegebenen Code verwendest, erh\u00e4ltst du eine kleine Erm\u00e4\u00dfigung auf den Preis der Aktivit\u00e4t oder den Eintrittspreis.<\/strong><\/p>\n\n\n\n<div class=\"wp-block-group has-global-padding is-layout-constrained wp-block-group-is-layout-constrained\">\n<div class=\"wp-block-group menu-content-category is-vertical is-layout-flex wp-container-core-group-is-layout-fe9cc265 wp-block-group-is-layout-flex\">\n<h4 class=\"wp-block-heading has-primary-color has-text-color has-link-color has-custom-font-family has-large-font-size wp-elements-1582f1b2461143cc361824112adaaf2d\" style=\"text-transform:none\">Luxemburg-Stadt<\/h4>\n\n\n\n<figure class=\"wp-block-table is-style-regular\"><table class=\"has-fixed-layout\"><thead><tr><th><strong>Aktivit\u00e4t<\/strong><\/th><th><strong>Erm\u00e4\u00dfigung<\/strong><\/th><\/tr><\/thead><tbody><tr><td><a href=\"https:\/\/www.luxembourg-city.com\/fr\/adresse\/tour\/circuit-wenzel\" target=\"_blank\" rel=\"noreferrer noopener\">Wenzel-Tour<\/a><\/td><td>&#8211; 4,50 \u20ac<\/td><\/tr><tr><td>Gef\u00fchrte Stadtbesichtigung \u201e<a href=\"https:\/\/www.luxembourg-city.com\/fr\/adresse\/tours\/city-promenade-tours-reguliers-2019\" target=\"_blank\" rel=\"noreferrer noopener\">City promenade\u201c<\/a><\/td><td>&#8211; 3,50 \u20ac<\/td><\/tr><tr><td><a href=\"https:\/\/www.luxembourg-city.com\/fr\/que-faire\/sites\/underground\/casemates-du-bock\" target=\"_blank\" rel=\"noreferrer noopener\">Bockkasematten<\/a><\/td><td>&#8211; 2 \u20ac (Eintritt)<br>&#8211; 4 \u20ac (Gef\u00fchrte Tour)<\/td><\/tr><tr><td><a href=\"https:\/\/www.luxembourg-city.com\/de\/touren-erlebnisse\/underground\/casemates-de-la-petrusse\" target=\"_blank\" rel=\"noreferrer noopener\">Petrusskasematten<\/a><\/td><td>&#8211; 3,50 \u20ac (Eintritt)<br>&#8211; 4,50 \u20ac (Gef\u00fchrte Tour)<\/td><\/tr><tr><td>Gef\u00fchrte Stadtbesichtigung f\u00fcr Kinder <a href=\"https:\/\/www.luxembourg-city.com\/de\/ansicht\/tour\/city-promenade-f-r-kinder\" target=\"_blank\" rel=\"noreferrer noopener\">\u201eCity promenade\u201c<\/a><\/td><td>&#8211; 3,50 \u20ac<\/td><\/tr><tr><td>Gef\u00fchrte <a href=\"https:\/\/www.luxembourg-city.com\/de\/touren-erlebnisse\/besichtigungen\" target=\"_blank\" rel=\"noreferrer noopener\">Stadtbesichtigung <\/a>von 1 Stunde (au\u00dfer Stadion von Luxemburg)<\/td><td>&#8211; 4 \u20ac<\/td><\/tr><tr><td>Gef\u00fchrte <a href=\"https:\/\/www.luxembourg-city.com\/de\/touren-erlebnisse\/besichtigungen\" target=\"_blank\" rel=\"noreferrer noopener\">Stadtbesichtigung <\/a>von 1-2 Stunden (au\u00dfer gro\u00dfherzoglicher Palast)<\/td><td>&#8211; 3,50 \u20ac<\/td><\/tr><tr><td>Gef\u00fchrte <a href=\"https:\/\/www.luxembourg-city.com\/de\/touren-erlebnisse\/besichtigungen\" target=\"_blank\" rel=\"noreferrer noopener\">Stadtbesichtigung <\/a>von 2-3 Stunden <\/td><td>&#8211; 4,50 \u20ac<\/td><\/tr><tr><td><a href=\"https:\/\/sightseeing.lu\/fr\/\" target=\"_blank\" rel=\"noreferrer noopener\">Sigthseeing.lu<\/a>&nbsp;(city train, food tour, Luxembourg-city bus tour)<\/td><td>&nbsp;10 % f\u00fcr Online-Reservierungen mit folgendem Code: HOSTEL2026<\/td><\/tr><\/tbody><\/table><\/figure>\n<\/div>\n<\/div>\n\n\n\n<div class=\"wp-block-group has-global-padding is-layout-constrained wp-block-group-is-layout-constrained\">\n<div class=\"wp-block-group menu-content-category is-vertical is-layout-flex wp-container-core-group-is-layout-fe9cc265 wp-block-group-is-layout-flex\">\n<h4 class=\"wp-block-heading has-primary-color has-text-color has-link-color has-custom-font-family has-large-font-size wp-elements-9b45623951bb8284bbc38d0d3e8adcc9\" style=\"text-transform:none\">Beaufort<\/h4>\n\n\n\n<figure class=\"wp-block-table is-style-regular\"><table class=\"has-fixed-layout\"><thead><tr><th><strong><strong>Aktivit\u00e4t<\/strong><\/strong><\/th><th><strong><strong>Erm\u00e4\u00dfigung<\/strong><\/strong><\/th><\/tr><\/thead><tbody><tr><td><a href=\"https:\/\/www.monuments.lu\/en\/ch%C3%A2teaux-de-beaufort\" target=\"_blank\" rel=\"noreferrer noopener\">Schloss Beaufort<\/a> &#8211; Burgruine und Renaissanceschloss<\/td><td>&nbsp;&#8211; 2 \u20ac<\/td><\/tr><\/tbody><\/table><\/figure>\n<\/div>\n<\/div>\n\n\n\n<div class=\"wp-block-group has-global-padding is-layout-constrained wp-block-group-is-layout-constrained\">\n<div class=\"wp-block-group menu-content-category is-vertical is-layout-flex wp-container-core-group-is-layout-fe9cc265 wp-block-group-is-layout-flex\">\n<h4 class=\"wp-block-heading has-primary-color has-text-color has-link-color has-custom-font-family has-large-font-size wp-elements-dc7853eaf2a8c394dfdd3fd5a055f66d\" style=\"text-transform:none\">Berdorf<\/h4>\n\n\n\n<figure class=\"wp-block-table is-style-regular\"><table class=\"has-fixed-layout\"><thead><tr><th><strong><strong>Aktivit\u00e4t<\/strong><\/strong><\/th><th><strong><strong>Erm\u00e4\u00dfigung<\/strong><\/strong><\/th><\/tr><\/thead><tbody><tr><td><a href=\"http:\/\/aquatower-berdorf.lu\/aquatower\/?L=2\" target=\"_blank\" rel=\"noreferrer noopener\">Aquatower a.s.b.l.<\/a><\/td><td>&nbsp;&#8211;&nbsp;0,50 \u20ac<\/td><\/tr><\/tbody><\/table><\/figure>\n<\/div>\n<\/div>\n\n\n\n<div class=\"wp-block-group has-global-padding is-layout-constrained wp-block-group-is-layout-constrained\">\n<div class=\"wp-block-group menu-content-category is-vertical is-layout-flex wp-container-core-group-is-layout-fe9cc265 wp-block-group-is-layout-flex\">\n<h4 class=\"wp-block-heading has-primary-color has-text-color has-link-color has-custom-font-family has-large-font-size wp-elements-6002828b9622bbc3854643ce0b5f4ce6\" style=\"text-transform:none\">Bettembourg<\/h4>\n\n\n\n<figure class=\"wp-block-table is-style-regular\"><table class=\"has-fixed-layout\"><thead><tr><th><strong><strong>Aktivit\u00e4t<\/strong><\/strong><\/th><th><strong><strong>Erm\u00e4\u00dfigung<\/strong><\/strong><\/th><\/tr><\/thead><tbody><tr><td><a href=\"https:\/\/parc-merveilleux.lu\/\" target=\"_blank\" rel=\"noreferrer noopener\">M\u00e4rchenpark<\/a><\/td><td>&#8211; 1 \u20ac<\/td><\/tr><\/tbody><\/table><\/figure>\n<\/div>\n<\/div>\n\n\n\n<div class=\"wp-block-group has-global-padding is-layout-constrained wp-block-group-is-layout-constrained\">\n<div class=\"wp-block-group menu-content-category is-vertical is-layout-flex wp-container-core-group-is-layout-fe9cc265 wp-block-group-is-layout-flex\">\n<h4 class=\"wp-block-heading has-primary-color has-text-color has-link-color has-custom-font-family has-large-font-size wp-elements-a406236c8c1a536e279e4743a03b3e80\" style=\"text-transform:none\">Bourscheid<\/h4>\n\n\n\n<figure class=\"wp-block-table is-style-regular\"><table class=\"has-fixed-layout\"><thead><tr><th><strong><strong>Aktivit\u00e4t<\/strong><\/strong><\/th><th><strong><strong>Erm\u00e4\u00dfigung<\/strong><\/strong><\/th><\/tr><\/thead><tbody><tr><td><a href=\"https:\/\/www.castle-bourscheid.lu\/wp5\/fr\/\" target=\"_blank\" rel=\"noreferrer noopener\">Burg Bourscheid<\/a><\/td><td>&#8211; 2 \u20ac<\/td><\/tr><\/tbody><\/table><\/figure>\n<\/div>\n<\/div>\n\n\n\n<div class=\"wp-block-group has-global-padding is-layout-constrained wp-block-group-is-layout-constrained\">\n<div class=\"wp-block-group menu-content-category is-vertical is-layout-flex wp-container-core-group-is-layout-fe9cc265 wp-block-group-is-layout-flex\">\n<h4 class=\"wp-block-heading has-primary-color has-text-color has-link-color has-custom-font-family has-large-font-size wp-elements-1881bcb9c15c42856df13291808a0564\" style=\"text-transform:none\">Diekirch<\/h4>\n\n\n\n<figure class=\"wp-block-table is-style-regular\"><table class=\"has-fixed-layout\"><thead><tr><th><strong><strong>Aktivit\u00e4t<\/strong><\/strong><\/th><th><strong><strong>Erm\u00e4\u00dfigung<\/strong><\/strong><\/th><\/tr><\/thead><tbody><tr><td><a href=\"https:\/\/www.mhsd.lu\/musee\/presentation-2\/\" target=\"_blank\" rel=\"noreferrer noopener\">Geschichtsmuseum Diekirch<\/a><\/td><td>&#8211; 2 \u20ac<br>kostenlos f\u00fcr Jugendliche bis 21 Jahre und Studenten mit Studentenausweis bis 26 Jahre<\/td><\/tr><\/tbody><\/table><\/figure>\n<\/div>\n<\/div>\n\n\n\n<div class=\"wp-block-group has-global-padding is-layout-constrained wp-block-group-is-layout-constrained\">\n<div class=\"wp-block-group menu-content-category is-vertical is-layout-flex wp-container-core-group-is-layout-fe9cc265 wp-block-group-is-layout-flex\">\n<h4 class=\"wp-block-heading has-primary-color has-text-color has-link-color has-custom-font-family has-large-font-size wp-elements-8af1792fbca1e9a3cd15b5b969919c31\" style=\"text-transform:none\">Esch-sur-S\u00fbre<\/h4>\n\n\n\n<figure class=\"wp-block-table is-style-regular\"><table class=\"has-fixed-layout\"><thead><tr><th><strong><strong>Aktivit\u00e4t<\/strong><\/strong><\/th><th><strong><strong>Erm\u00e4\u00dfigung<\/strong><\/strong><\/th><\/tr><\/thead><tbody><tr><td><a href=\"http:\/\/www.naturpark-sure.lu\/index.php?id=25;lang=fr\" target=\"_blank\" rel=\"noreferrer noopener\">Tuchfabrik<\/a><\/td><td>&#8211; 1 \u20ac<\/td><\/tr><tr><td><a href=\"https:\/\/www.hotel-de-la-sure.lu\/index.php?lgn=2&amp;pg=wellness_spa\" target=\"_blank\" rel=\"noreferrer noopener\">Rock Spa &amp; Wellness<\/a><\/td><td>\u2013 20 % Erm\u00e4\u00dfigung auf den Eintritt ins Spa<br>\u2013 15 % unter der Woche und 10 % am Wochenende und an Feiertagen auf Behandlungen und Massagen deiner Wahl<br><br>mit dem folgenden Code: AUBERGE &amp; SPA<\/td><\/tr><\/tbody><\/table><\/figure>\n<\/div>\n<\/div>\n\n\n\n<div class=\"wp-block-group has-global-padding is-layout-constrained wp-block-group-is-layout-constrained\">\n<div class=\"wp-block-group menu-content-category is-vertical is-layout-flex wp-container-core-group-is-layout-fe9cc265 wp-block-group-is-layout-flex\">\n<h4 class=\"wp-block-heading has-primary-color has-text-color has-link-color has-custom-font-family has-large-font-size wp-elements-3b5215d9a8e89dc16dd3039fdbb1051a\" style=\"text-transform:none\"><\/h4>\n<\/div>\n<\/div>\n\n\n\n<div class=\"wp-block-group has-global-padding is-layout-constrained wp-block-group-is-layout-constrained\">\n<div class=\"wp-block-group menu-content-category is-vertical is-layout-flex wp-container-core-group-is-layout-fe9cc265 wp-block-group-is-layout-flex\">\n<h4 class=\"wp-block-heading has-primary-color has-text-color has-link-color has-custom-font-family has-large-font-size wp-elements-eafd0f44c82eb5eff27282daaecb6ff0\" style=\"text-transform:none\">Hosingen<\/h4>\n<\/div>\n\n\n\n<figure class=\"wp-block-table is-style-regular\"><table class=\"has-fixed-layout\"><thead><tr><th><strong><strong>Aktivit\u00e4t<\/strong><\/strong><\/th><th><strong><strong>Erm\u00e4\u00dfigung<\/strong><\/strong><\/th><\/tr><\/thead><tbody><tr><td>Wasserpark&nbsp;\u201e<a href=\"http:\/\/www.aquanatour.lu\/index.php\/de\/infos\/tarife\" target=\"_blank\" rel=\"noreferrer noopener\">Aqua Nat&#8217;Our<\/a>\u201d<\/td><td>&#8211; 1 \u20ac <\/td><\/tr><\/tbody><\/table><\/figure>\n<\/div>\n\n\n\n<div class=\"wp-block-group has-global-padding is-layout-constrained wp-block-group-is-layout-constrained\">\n<div class=\"wp-block-group menu-content-category is-vertical is-layout-flex wp-container-core-group-is-layout-fe9cc265 wp-block-group-is-layout-flex\">\n<h4 class=\"wp-block-heading has-primary-color has-text-color has-link-color has-custom-font-family has-large-font-size wp-elements-c53f1104ca77fc990578dcb54e74b226\" style=\"text-transform:none\">Junglinster<\/h4>\n\n\n\n<figure class=\"wp-block-table is-style-regular\"><table class=\"has-fixed-layout\"><thead><tr><th><strong><strong>Aktivit\u00e4t<\/strong><\/strong><\/th><th><strong><strong>Erm\u00e4\u00dfigung<\/strong><\/strong><\/th><\/tr><\/thead><tbody><tr><td><a href=\"http:\/\/www.golfdeluxembourg.lu\/fr\/golf\/\" target=\"_blank\" rel=\"noreferrer noopener\">Golf von Luxembourg<\/a><\/td><td>&#8211; 50 % f\u00fcr Jugendliche und Studenten bis 27 Jahre<br>&#8211; 12 % ab 28 Jahren<\/td><\/tr><\/tbody><\/table><\/figure>\n<\/div>\n<\/div>\n\n\n\n<div class=\"wp-block-group has-global-padding is-layout-constrained wp-block-group-is-layout-constrained\">\n<div class=\"wp-block-group menu-content-category is-vertical is-layout-flex wp-container-core-group-is-layout-fe9cc265 wp-block-group-is-layout-flex\">\n<h4 class=\"wp-block-heading has-primary-color has-text-color has-link-color has-custom-font-family has-large-font-size wp-elements-0f191b259cdad4cb010ea54f1a39b9a2\" style=\"text-transform:none\">Larochette<\/h4>\n\n\n\n<figure class=\"wp-block-table is-style-regular\"><table class=\"has-fixed-layout\"><thead><tr><th><strong><strong>Aktivit\u00e4t<\/strong><\/strong><\/th><th><strong><strong>Erm\u00e4\u00dfigung<\/strong><\/strong><\/th><\/tr><\/thead><tbody><tr><td><a href=\"https:\/\/www.visitlarochette.lu\/fr\/que-faire\/chateaux-et-fortifications\" target=\"_blank\" rel=\"noreferrer noopener\">Burg Larochette<\/a><\/td><td>&#8211; 2 \u20ac<\/td><\/tr><\/tbody><\/table><\/figure>\n<\/div>\n<\/div>\n\n\n\n<div class=\"wp-block-group has-global-padding is-layout-constrained wp-block-group-is-layout-constrained\">\n<div class=\"wp-block-group menu-content-category is-vertical is-layout-flex wp-container-core-group-is-layout-fe9cc265 wp-block-group-is-layout-flex\">\n<h4 class=\"wp-block-heading has-primary-color has-text-color has-link-color has-custom-font-family has-large-font-size wp-elements-b3c33a1748a26ba42bfd7fcd4a30665e\" style=\"text-transform:none\">R\u00e9dange<\/h4>\n<\/div>\n\n\n\n<figure class=\"wp-block-table is-style-regular\"><table class=\"has-fixed-layout\"><thead><tr><th><strong><strong>Aktivit\u00e4t<\/strong><\/strong><\/th><th><strong><strong>Erm\u00e4\u00dfigung<\/strong><\/strong><\/th><\/tr><\/thead><tbody><tr><td>Schwimmbad \u201e<a href=\"http:\/\/www.reidener-schwemm.lu\/\" target=\"_blank\" rel=\"noreferrer noopener\">R\u00e9idener Schwemm<\/a>\u201d&nbsp;<\/td><td>&#8211; 0,50 \u20ac <\/td><\/tr><\/tbody><\/table><\/figure>\n<\/div>\n\n\n\n<div class=\"wp-block-group has-global-padding is-layout-constrained wp-block-group-is-layout-constrained\">\n<div class=\"wp-block-group menu-content-category is-vertical is-layout-flex wp-container-core-group-is-layout-fe9cc265 wp-block-group-is-layout-flex\">\n<h4 class=\"wp-block-heading has-primary-color has-text-color has-link-color has-custom-font-family has-large-font-size wp-elements-4232fac506d0853abed2014b266d143e\" style=\"text-transform:none\">Remerschen<\/h4>\n<\/div>\n\n\n\n<figure class=\"wp-block-table is-style-regular\"><table class=\"has-fixed-layout\"><thead><tr><th><strong><strong>Aktivit\u00e4t<\/strong><\/strong><\/th><th><strong><strong>Erm\u00e4\u00dfigung<\/strong><\/strong><\/th><\/tr><\/thead><tbody><tr><td>Badeweiher&nbsp;<a href=\"https:\/\/www.baggerweier.lu\/werwirsind\/\" target=\"_blank\" rel=\"noreferrer noopener\"><\/a><a href=\"http:\/\/www.reidener-schwemm.lu\/\" target=\"_blank\" rel=\"noreferrer noopener\"><\/a>\u201e<a href=\"https:\/\/www.baggerweier.lu\/werwirsind\/\" target=\"_blank\" rel=\"noreferrer noopener\">Baggerweier<\/a>\u201d<\/td><td>&#8211; 1 \u20ac<\/td><\/tr><\/tbody><\/table><\/figure>\n<\/div>\n\n\n\n<div class=\"wp-block-group has-global-padding is-layout-constrained wp-block-group-is-layout-constrained\">\n<div class=\"wp-block-group menu-content-category is-vertical is-layout-flex wp-container-core-group-is-layout-fe9cc265 wp-block-group-is-layout-flex\">\n<h4 class=\"wp-block-heading has-primary-color has-text-color has-link-color has-custom-font-family has-large-font-size wp-elements-a1ca64b677c213180d73dc26fee96ca7\" style=\"text-transform:none\">Rumelange<\/h4>\n<\/div>\n\n\n\n<figure class=\"wp-block-table is-style-regular\"><table class=\"has-fixed-layout\"><thead><tr><th><strong><strong>Aktivit\u00e4t<\/strong><\/strong><\/th><th><strong><strong>Erm\u00e4\u00dfigung<\/strong><\/strong><\/th><\/tr><\/thead><tbody><tr><td><a href=\"http:\/\/www.mnm.lu\/index.php?lang=fr\" target=\"_blank\" rel=\"noreferrer noopener\">Minenmuseum<\/a><\/td><td>&#8211; 1 \u20ac<\/td><\/tr><\/tbody><\/table><\/figure>\n<\/div>\n\n\n\n<div class=\"wp-block-group has-global-padding is-layout-constrained wp-block-group-is-layout-constrained\">\n<div class=\"wp-block-group menu-content-category is-vertical is-layout-flex wp-container-core-group-is-layout-fe9cc265 wp-block-group-is-layout-flex\">\n<h4 class=\"wp-block-heading has-primary-color has-text-color has-link-color has-custom-font-family has-large-font-size wp-elements-35d5142b289d4180dfe6b126c1d2a9b4\" style=\"text-transform:none\">Wallendorf-Pont<\/h4>\n<\/div>\n\n\n\n<figure class=\"wp-block-table is-style-regular\"><table class=\"has-fixed-layout\"><thead><tr><th><strong><strong>Aktivit\u00e4t<\/strong><\/strong><\/th><th><strong><strong>Erm\u00e4\u00dfigung<\/strong><\/strong><\/th><\/tr><\/thead><tbody><tr><td><a href=\"http:\/\/kanuverleihaufdersauer.de\/\" target=\"_blank\" rel=\"noreferrer noopener\">Ronn&#8217;s bikes &amp; kajaks &#8211;<\/a>&nbsp;MTB- und Kajakverleih<\/td><td>&#8211; 10 %<\/td><\/tr><\/tbody><\/table><\/figure>\n<\/div>\n\n\n\n<div class=\"wp-block-group has-global-padding is-layout-constrained wp-block-group-is-layout-constrained\">\n<div class=\"wp-block-group menu-content-category is-vertical is-layout-flex wp-container-core-group-is-layout-fe9cc265 wp-block-group-is-layout-flex\">\n<h4 class=\"wp-block-heading has-primary-color has-text-color has-link-color has-custom-font-family has-large-font-size wp-elements-8c329fbf1ec6a92819459c95771f5589\" style=\"text-transform:none\">Andere<\/h4>\n<\/div>\n\n\n\n<figure class=\"wp-block-table is-style-regular\"><table class=\"has-fixed-layout\"><thead><tr><th><strong><strong>Aktivit\u00e4t<\/strong><\/strong><\/th><th><strong><strong>Erm\u00e4\u00dfigung<\/strong><\/strong><\/th><\/tr><\/thead><tbody><tr><td><a href=\"https:\/\/thehappycyclist.eu\/fr\/\" target=\"_blank\" rel=\"noreferrer noopener\">The Happy Cyclist<\/a>&nbsp;(Fahrradreparaturdienst)<\/td><td>&#8211; 15 % mit dem folgenden Code: YOU-XVCRZYD<\/td><\/tr><\/tbody><\/table><\/figure>\n<\/div>\n<\/div>\n<\/div>\n\n\n\n<div class=\"wp-block-group is-nowrap is-layout-flex wp-container-core-group-is-layout-6c531013 wp-block-group-is-layout-flex\">\n<i style=\"color:#4A4A49;background-color:#AFC0E3;padding:5px;display:inline-block;border-radius:100%;vertical-align:middle\" class=\"wp-block-youthhostels-icon is-style-shape is-style-icon-back-01 is-size-x-large yh-icon-discount\" aria-hidden=\"true\"><\/i>\n\n\n\n<h3 class=\"wp-block-heading\">Internationale Erm\u00e4ssigungen<\/h3>\n<\/div>\n\n\n\n<p class=\"has-medium-font-size\"><strong>Neben den nationalen Erm\u00e4\u00dfigungen profitieren unsere Mitglieder auch von Vorteilen bei unseren internationalen Partnern. In der Regel ist hierf\u00fcr ein Code erforderlich. Dieser Code ist auf Anfrage bei unserem Verband erh\u00e4ltlich.<\/strong><\/p>\n\n\n\n<div class=\"wp-block-group has-global-padding is-layout-constrained wp-block-group-is-layout-constrained\" style=\"margin-top:var(--wp--preset--spacing--small);margin-bottom:var(--wp--preset--spacing--small)\">\n<div class=\"wp-block-group menu-content-category is-vertical is-layout-flex wp-container-core-group-is-layout-b59fc8b9 wp-block-group-is-layout-flex\" style=\"margin-top:var(--wp--preset--spacing--small);margin-bottom:var(--wp--preset--spacing--small)\">\n<h4 class=\"wp-block-heading has-primary-color has-text-color has-link-color has-custom-font-family has-large-font-size wp-elements-3b5215d9a8e89dc16dd3039fdbb1051a\" style=\"text-transform:none\"><\/h4>\n\n\n\n<figure class=\"wp-block-table is-style-regular\"><table class=\"has-fixed-layout\"><thead><tr><th><strong><strong>Partner<\/strong><\/strong><\/th><th><strong><strong>Erm\u00e4\u00dfigung<\/strong><\/strong><\/th><\/tr><\/thead><tbody><tr><td><a href=\"https:\/\/www.eurosender.com\/en\/hostelling-international\" target=\"_blank\" rel=\"noreferrer noopener\">EUROSENDER<\/a>&nbsp;&#8211; T\u00fcr-zu-T\u00fcr-Versanddienst<\/td><td>&#8211; 10% (Code auf Anfrage)<\/td><\/tr><tr><td><a href=\"https:\/\/www.clevertravelcompanion.com\/pages\/hihostels?rfsn=1715948.0d0c1b\" target=\"_blank\" rel=\"noreferrer noopener\">CLEVER TRAVEL COMPANION&nbsp;<\/a>&#8211; diebstahlsichere Reiseausr\u00fcstung<\/td><td>&#8211; 25 %&nbsp; (Code auf Anfrage)<\/td><\/tr><tr><td><a href=\"https:\/\/go.bounce.com\/HIAFFILIATE607750444\" target=\"_blank\" rel=\"noreferrer noopener\">BOUNCE&nbsp;<\/a>&#8211; Gep\u00e4ckaufbewahrung<\/td><td>&#8211; 15 % (Code auf Anfrage)<\/td><\/tr><tr><td><a href=\"https:\/\/www.discovercars.com\/?a_aid=HostellingInternational\" target=\"_blank\" rel=\"noreferrer noopener\">DISCOVER CARS<\/a>&nbsp;&#8211; Autoverleih<\/td><td>&#8211; 10 % (klicke auf den Link, um deinen Rabatt zu erhalten.)<\/td><\/tr><tr><td><a href=\"https:\/\/airalo.pxf.io\/c\/5413737\/3325794\/15608?p.code=HIHOSTELS10\" target=\"_blank\" rel=\"noreferrer noopener\">AIRALO&nbsp;<\/a>&#8211;&nbsp;der weltweit erste eSIM-Store (digitale SIM-Karte)<\/td><td>&#8211; 10 % (Code auf Anfrage)<\/td><\/tr><\/tbody><\/table><\/figure>\n<\/div>\n<\/div>\n\n\n\n<p><\/p>\n\n\n\n<p class=\"has-medium-font-size\"><strong>Um alle internationalen Preisnachl\u00e4sse zu sehen, die von unseren Kollegen aus anderen L\u00e4ndern angeboten werden, klicke auf diesen Link:<\/strong> <strong><a href=\"https:\/\/hihostels.com\/about-membership\/\" target=\"_blank\" rel=\"noreferrer noopener\">www.hihostels.com<\/a><\/strong><\/p>\n\n\n\n<div class=\"wp-block-group is-nowrap is-layout-flex wp-container-core-group-is-layout-6c531013 wp-block-group-is-layout-flex\">\n<i style=\"color:#4A4A49;background-color:#AFC0E3;padding:5px;display:inline-block;border-radius:100%;vertical-align:middle\" class=\"wp-block-youthhostels-icon is-style-shape is-style-icon-back-01 is-size-x-large yh-icon-become-member\" aria-hidden=\"true\"><\/i>\n\n\n\n<h3 class=\"wp-block-heading\">Reisetipps<\/h3>\n<\/div>\n\n\n\n<p class=\"has-medium-font-size\"><strong>Hier sind weitere Partner von Hostelling International, die dir das Reisen erleichtern und f\u00fcr noch mehr Spa\u00df sorgen.<\/strong><\/p>\n\n\n\n<div class=\"wp-block-group has-global-padding is-layout-constrained wp-block-group-is-layout-constrained\" style=\"margin-top:var(--wp--preset--spacing--small);margin-bottom:var(--wp--preset--spacing--small)\">\n<div class=\"wp-block-group menu-content-category is-vertical is-layout-flex wp-container-core-group-is-layout-fe9cc265 wp-block-group-is-layout-flex\">\n<h4 class=\"wp-block-heading has-primary-color has-text-color has-link-color has-custom-font-family has-large-font-size wp-elements-3b5215d9a8e89dc16dd3039fdbb1051a\" style=\"text-transform:none\"><\/h4>\n<\/div>\n\n\n\n<figure class=\"wp-block-table is-style-regular\"><table class=\"has-fixed-layout\"><thead><tr><th><strong>Partner<\/strong><\/th><th><strong>Informationen<\/strong><\/th><\/tr><\/thead><tbody><tr><td>World Nomads<\/td><td>World Nomads bietet einfache und flexible Reiseversicherungen sowie Sicherheitstipps, die dir helfen.<br><a href=\"https:\/\/www.dpbolvw.net\/click-101077995-15403748\" target=\"_blank\" rel=\"noreferrer noopener\"><strong>Mehr erfahren!<\/strong><\/a><\/td><\/tr><tr><td>FREETOUR.com<\/td><td>FREETOUR.com ist die weltweite Plattform, auf der du kostenlose, auf Trinkgeld basierende Ausfl\u00fcge auf der ganzen Welt buchen kannst.<br><a href=\"https:\/\/www.freetour.com\/?referralID=lbnADWTfBTNbg9uj&amp;campaign=Luxembourg-Website\" target=\"_blank\" rel=\"noreferrer noopener\"><strong>Finde deine kostenlose Tour hier!<\/strong><\/a><\/td><\/tr><\/tbody><\/table><\/figure>\n<\/div>\n\n\n\n<p><\/p>\n\n\n\n<p><\/p>\n","protected":false},"excerpt":{"rendered":"<div class=\"excerpt-text\">\n<p>Erm\u00e4ssigungen f\u00fcr Mitgliederder internationalen Jugendherbergen Nationale Erm\u00e4ssigungen Indem du deine Mitgliedskarte vorlegst oder den angegebenen Code verwendest, erh\u00e4ltst du eine kleine Erm\u00e4\u00dfigung auf den Preis der Aktivit\u00e4t oder den Eintrittspreis. Luxemburg-Stadt Aktivit\u00e4t Erm\u00e4\u00dfigung Wenzel-Tour &#8211; 4,50 \u20ac Gef\u00fchrte Stadtbesichtigung \u201eCity promenade\u201c &#8211; 3,50 \u20ac Bockkasematten &#8211; 2 \u20ac (Eintritt)&#8211; 4 \u20ac (Gef\u00fchrte Tour) Petrusskasematten &#8211; [&hellip;]<\/p>\n<\/div>\n","protected":false},"author":2,"featured_media":8241,"parent":8577,"menu_order":3,"comment_status":"closed","ping_status":"closed","template":"","meta":{"inline_featured_image":false,"footnotes":""},"class_list":["post-8738","page","type-page","status-publish","has-post-thumbnail","hentry"],"_links":{"self":[{"href":"https:\/\/youthhostels.lu\/de\/wp-json\/wp\/v2\/pages\/8738","targetHints":{"allow":["GET"]}}],"collection":[{"href":"https:\/\/youthhostels.lu\/de\/wp-json\/wp\/v2\/pages"}],"about":[{"href":"https:\/\/youthhostels.lu\/de\/wp-json\/wp\/v2\/types\/page"}],"author":[{"embeddable":true,"href":"https:\/\/youthhostels.lu\/de\/wp-json\/wp\/v2\/users\/2"}],"replies":[{"embeddable":true,"href":"https:\/\/youthhostels.lu\/de\/wp-json\/wp\/v2\/comments?post=8738"}],"version-history":[{"count":28,"href":"https:\/\/youthhostels.lu\/de\/wp-json\/wp\/v2\/pages\/8738\/revisions"}],"predecessor-version":[{"id":22235,"href":"https:\/\/youthhostels.lu\/de\/wp-json\/wp\/v2\/pages\/8738\/revisions\/22235"}],"up":[{"embeddable":true,"href":"https:\/\/youthhostels.lu\/de\/wp-json\/wp\/v2\/pages\/8577"}],"wp:featuredmedia":[{"embeddable":true,"href":"https:\/\/youthhostels.lu\/de\/wp-json\/wp\/v2\/media\/8241"}],"wp:attachment":[{"href":"https:\/\/youthhostels.lu\/de\/wp-json\/wp\/v2\/media?parent=8738"}],"curies":[{"name":"wp","href":"https:\/\/api.w.org\/{rel}","templated":true}]}}